{"id":3012,"date":"2016-07-06T18:26:34","date_gmt":"2016-07-06T16:26:34","guid":{"rendered":"http:\/\/www.smartvision.it\/it\/prodotti\/eyewear\/universal-standards\/"},"modified":"2023-03-07T12:09:25","modified_gmt":"2023-03-07T11:09:25","slug":"universal-standards","status":"publish","type":"page","link":"https:\/\/www.smartvision.it\/it\/sistemi-di-visione-artificiale\/settore-occhialeria\/universal-standards\/","title":{"rendered":"Universal_Standards_Premium"},"content":{"rendered":"<div class=\"wpb-content-wrapper\"><p>[vc_row top_padding=&#8221;40&#8243;][vc_column width=&#8221;1\/2&#8243;]<div class=\"minti_carousel  grab-false dots\" data-columns=\"1\" data-tabletcolumns=\"1\" data-nav=\"false\" data-pagination=\"true\" data-autoplay=\"true\" data-animationtime=\"4000\"><div class=\"single_image wpb_content_element align-left    \" data-animation=\"none\" data-delay=\"0\"><a href=\"https:\/\/www.smartvision.it\/wp-content\/uploads\/2016\/07\/Universal_Standards_Premium_set.jpg\" class=\"prettyPhoto\" rel=\"prettyPhoto[image]\"><img loading=\"lazy\" decoding=\"async\" width=\"1486\" height=\"1234\" src=\"https:\/\/www.smartvision.it\/wp-content\/uploads\/2016\/07\/Universal_Standards_Premium_set-1.jpg\" class=\"attachment-full\" alt=\"\" title=\"Universal_Standards_Premium_set-1\" srcset=\"https:\/\/www.smartvision.it\/wp-content\/uploads\/2016\/07\/Universal_Standards_Premium_set-1.jpg 1486w, https:\/\/www.smartvision.it\/wp-content\/uploads\/2016\/07\/Universal_Standards_Premium_set-1-500x415.jpg 500w, https:\/\/www.smartvision.it\/wp-content\/uploads\/2016\/07\/Universal_Standards_Premium_set-1-1024x850.jpg 1024w\" sizes=\"(max-width: 1486px) 100vw, 1486px\" \/><\/a><\/div><div class=\"single_image wpb_content_element align-left    \" data-animation=\"none\" data-delay=\"0\"><a href=\"https:\/\/www.smartvision.it\/wp-content\/uploads\/2016\/07\/Universal_Standards_Premium_AIO.jpg\" class=\"prettyPhoto\" rel=\"prettyPhoto[image]\"><img loading=\"lazy\" decoding=\"async\" width=\"1486\" height=\"1234\" src=\"https:\/\/www.smartvision.it\/wp-content\/uploads\/2016\/07\/Universal_Standards_Premium_AIO-1.jpg\" class=\"attachment-full\" alt=\"\" title=\"Universal_Standards_Premium_AIO-1\" srcset=\"https:\/\/www.smartvision.it\/wp-content\/uploads\/2016\/07\/Universal_Standards_Premium_AIO-1.jpg 1486w, https:\/\/www.smartvision.it\/wp-content\/uploads\/2016\/07\/Universal_Standards_Premium_AIO-1-500x415.jpg 500w, https:\/\/www.smartvision.it\/wp-content\/uploads\/2016\/07\/Universal_Standards_Premium_AIO-1-1024x850.jpg 1024w\" sizes=\"(max-width: 1486px) 100vw, 1486px\" \/><\/a><\/div><div class=\"single_image wpb_content_element align-left    \" data-animation=\"none\" data-delay=\"0\"><a href=\"https:\/\/www.smartvision.it\/wp-content\/uploads\/2016\/07\/universal_standard3.jpg\" class=\"prettyPhoto\" rel=\"prettyPhoto[image]\"><img loading=\"lazy\" decoding=\"async\" width=\"1486\" height=\"1234\" src=\"https:\/\/www.smartvision.it\/wp-content\/uploads\/2016\/07\/universal_standard3.jpg\" class=\"attachment-full\" alt=\"\" title=\"universal_standard3\" srcset=\"https:\/\/www.smartvision.it\/wp-content\/uploads\/2016\/07\/universal_standard3.jpg 1486w, https:\/\/www.smartvision.it\/wp-content\/uploads\/2016\/07\/universal_standard3-500x415.jpg 500w, https:\/\/www.smartvision.it\/wp-content\/uploads\/2016\/07\/universal_standard3-1024x850.jpg 1024w\" sizes=\"(max-width: 1486px) 100vw, 1486px\" \/><\/a><\/div><\/div>[\/vc_column][vc_column width=&#8221;1\/2&#8243;]<h1 class=\"headline font-inherit fontsize-xl fontweight-300 lh-inherit align-left transform-inherit \" style=\"margin: 0 0 0 0; color: #00afee;\">Universal_Standards_Premium<\/h1><h2 class=\"headline font-inherit fontsize-m fontweight-300 lh-inherit align-left transform-inherit \" style=\"margin: 0 0 20px 0; color: #898989;\">Nuova Soluzione Software per Test di Conformit\u00e0 secondo gli Standard Internazionali del Settore Ottico<\/h2><h3 class=\"headline font-inherit fontsize-m fontweight-300 lh-inherit align-left transform-inherit \" style=\"margin: 0 0 20px 0; color: #898989;\"><i>Software Avanzato per Spettrofotometri di terze parti<\/i><\/h3>[vc_tta_accordion style=&#8221;flat&#8221; shape=&#8221;square&#8221; color=&#8221;white&#8221; active_section=&#8221;1&#8243; no_fill=&#8221;true&#8221;][vc_tta_section title=&#8221;Facile e Universale&#8221; tab_id=&#8221;1466759551748-7bf55ec0-4fd4&#8243;][vc_column_text]<strong>Universal_Standards_Premium<\/strong> \u00e8 una suite software avanzata per spettrofotometri di terze parti. \u00c8 <strong>specificamente sviluppata e ottimizzata per il Controllo di Qualit\u00e0 in base agli Standard Internazionali e il test di Corrispondenza Colore<\/strong> per Lenti e Occhiali da Sole, Maschere e Occhiali da Sci.<br \/>\nLa nuova interfaccia utente \u00e8 stata progettata per migliorarne l&#8217;usabilit\u00e0, mentre il moderno linguaggio di programmazione utilizzato ne garantisce un supporto a lungo termine.[\/vc_column_text][\/vc_tta_section][vc_tta_section title=&#8221;Usabilit\u00e0&#8221; tab_id=&#8221;1466759551832-7af9adfc-e737&#8243;][vc_column_text]<strong>Universal_Standards_Premium<\/strong> permette di verificare le propriet\u00e0 di trasmittanza secondo tutti gli Standard Internazionali aggiornati e le Differenze Colore rispetto ad una lente master.[\/vc_column_text][\/vc_tta_section][vc_tta_section title=&#8221;Innovativo&#8221; tab_id=&#8221;1466759610493-262072c3-c9ac&#8221;][vc_column_text]L&#8217;innovativa interfaccia grafica \u00e8 stata ulteriormente migliorata attraverso uno speciale aiuto visivo dedicato, consentendo cos\u00ec a qualsiasi utente non qualificato di eseguire facilmente un controllo di conformit\u00e0.<br \/>\nIl software <strong>Universal_Standards_Premium<\/strong> \u00e8 ideale per eseguire test di controllo qualit\u00e0 su Maschere e Occhiali da Sci, Lenti plano e Occhiali da Sole.[\/vc_column_text][\/vc_tta_section][\/vc_tta_accordion]<a href=\"https:\/\/www.smartvision.it\/it\/contatti\/\" target=\"_self\" class=\"button color-4 small \" style=\"border-radius: 2px;\"><i class='fa fa-envelope-o'><\/i>Richiedi info e prezzi<\/a><a href=\"https:\/\/www.smartvision.it\/wp-content\/uploads\/2022\/04\/Universal_Standards_Premium.EN_.pdf\" target=\"_blank\" class=\"button color-4 small \" style=\"border-radius: 2px;\"><i class='fa fa-envelope-o'><\/i>Scarica la Brochure<\/a>[\/vc_column][\/vc_row][vc_row][vc_column width=&#8221;1\/1&#8243;]<div class=\"newdivider align-center\" style=\"border-bottom-style: solid; border-color: #ededed; border-bottom-width: 1px; margin-top: 20px; margin-bottom: 20px; width: 100%; \"><\/div><div class=\"clear\"><\/div>[\/vc_column][\/vc_row][vc_row][vc_column width=&#8221;1\/1&#8243;][vc_tabs][vc_tab title=&#8221;Caratteristiche Pricipali&#8221; tab_id=&#8221;1467037543555-2-5&#8243;][vc_row_inner][vc_column_inner][vc_column_text el_class=&#8221;tabella&#8221;]<\/p>\n<ul>\n<li>Adatto a qualsiasi spettrofotometro<\/li>\n<li>Riceve i dati e restituisce la conformit\u00e0 alle Norme Internazionali<\/li>\n<li>Solid Tint, Gradient e Sun Glasses test<\/li>\n<li>Controllo della conformit\u00e0 delle lenti polarizzate<\/li>\n<li>Uniformit\u00e8 delle lenti, Lenti Fotocromatiche e Polarizzate<\/li>\n<li>Aggiornamento delle Norme Internazionali<\/li>\n<li>Stampa e visualizzazione Report Standard Internazionali<\/li>\n<li>Adatto per l&#8217;uso di operatori non qualificati<\/li>\n<li>Riduce i tempi e i costi dei controlli<\/li>\n<\/ul>\n<p>[\/vc_column_text][\/vc_column_inner][\/vc_row_inner][\/vc_tab][vc_tab title=&#8221;Requisiti del PC&#8221; tab_id=&#8221;031e88fa-29e0-5&#8243;][vc_row_inner][vc_column_inner][vc_column_text el_class=&#8221;tabella&#8221;]<\/p>\n<table>\n<tbody>\n<tr>\n<td>OS:<\/td>\n<td>Microsoft Windows 7\/8\/9\/10 &#8211; 32\/64 bit<\/td>\n<\/tr>\n<tr>\n<td>CPU:<\/td>\n<td>Core i3 3.0 GHz, Haswell Technology<\/td>\n<\/tr>\n<tr>\n<td>RAM:<\/td>\n<td>4 GB<\/td>\n<\/tr>\n<tr>\n<td>HD:<\/td>\n<td>500 GB<\/td>\n<\/tr>\n<tr>\n<td>GPU:<\/td>\n<td>Direct3D, DirectX 11.0, True Color, minimum resolution 1920&#215;1080 px<\/td>\n<\/tr>\n<tr>\n<td>Monitor:<\/td>\n<td>Full HD<\/td>\n<\/tr>\n<\/tbody>\n<\/table>\n<p>[\/vc_column_text][\/vc_column_inner][\/vc_row_inner][\/vc_tab][\/vc_tabs][\/vc_column][\/vc_row][vc_row][vc_column width=&#8221;1\/1&#8243;]<div class=\"newdivider align-center\" style=\"border-bottom-style: solid; border-color: #ededed; border-bottom-width: 1px; margin-top: 20px; margin-bottom: 20px; width: 100%; \"><\/div><div class=\"clear\"><\/div>[\/vc_column][\/vc_row][vc_row][vc_column width=&#8221;1\/1&#8243;]<div class=\"headline font-inherit fontsize-inherit fontweight-inherit lh-inherit align-center transform-inherit \" style=\"margin: 20px 0 20px 0;\">Raggiungere l&#8217;Eccellenza nel Controllo Qualit\u00e0 con la <a href=\"https:\/\/www.smartvision.it\/it\/tecnologia\/\">Tecnologia SmartVision<\/a>!<\/div>[\/vc_column][\/vc_row]<\/p>\n<\/div>","protected":false},"excerpt":{"rendered":"<p>[vc_row top_padding=&#8221;40&#8243;][vc_column width=&#8221;1\/2&#8243;][\/vc_column][vc_column width=&#8221;1\/2&#8243;][vc_tta_accordion style=&#8221;flat&#8221; shape=&#8221;square&#8221; color=&#8221;white&#8221; active_section=&#8221;1&#8243; no_fill=&#8221;true&#8221;][vc_tta_section title=&#8221;Facile e Universale&#8221; tab_id=&#8221;1466759551748-7bf55ec0-4fd4&#8243;][vc_column_text]Universal_Standards_Premium \u00e8 una suite software avanzata per spettrofotometri di terze parti. \u00c8 specificamente sviluppata e ottimizzata per il Controllo di Qualit\u00e0 in base agli Standard Internazionali e il test di Corrispondenza Colore per Lenti e Occhiali da Sole, Maschere e Occhiali da Sci. La nuova interfaccia utente \u00e8 stata progettata per migliorarne l&#8217;usabilit\u00e0, mentre il moderno linguaggio di programmazione utilizzato ne garantisce un supporto a lungo termine.[\/vc_column_text][\/vc_tta_section][vc_tta_section title=&#8221;Usabilit\u00e0&#8221; tab_id=&#8221;1466759551832-7af9adfc-e737&#8243;][vc_column_text]Universal_Standards_Premium permette di verificare le propriet\u00e0 di trasmittanza secondo tutti gli Standard Internazionali aggiornati e le Differenze Colore rispetto ad una lente master.[\/vc_column_text][\/vc_tta_section][vc_tta_section title=&#8221;Innovativo&#8221; tab_id=&#8221;1466759610493-262072c3-c9ac&#8221;][vc_column_text]L&#8217;innovativa interfaccia grafica \u00e8 stata ulteriormente migliorata attraverso uno speciale aiuto visivo dedicato, consentendo cos\u00ec a qualsiasi utente non qualificato di eseguire facilmente un controllo di conformit\u00e0. Il software Universal_Standards_Premium \u00e8 ideale per eseguire test di controllo qualit\u00e0 su Maschere e Occhiali da Sci, Lenti plano e Occhiali da Sole.[\/vc_column_text][\/vc_tta_section][\/vc_tta_accordion][\/vc_column][\/vc_row][vc_row][vc_column width=&#8221;1\/1&#8243;][\/vc_column][\/vc_row][vc_row][vc_column width=&#8221;1\/1&#8243;][vc_tabs][vc_tab title=&#8221;Caratteristiche Pricipali&#8221; tab_id=&#8221;1467037543555-2-5&#8243;][vc_row_inner][vc_column_inner][vc_column_text el_class=&#8221;tabella&#8221;] Adatto a qualsiasi spettrofotometro Riceve i dati e restituisce la conformit\u00e0 alle Norme Internazionali Solid Tint, Gradient e Sun Glasses test Controllo della conformit\u00e0 delle lenti polarizzate Uniformit\u00e8 delle lenti, Lenti Fotocromatiche e Polarizzate Aggiornamento delle Norme Internazionali Stampa e [&hellip;]<\/p>\n","protected":false},"author":1,"featured_media":14145,"parent":2532,"menu_order":0,"comment_status":"closed","ping_status":"closed","template":"","meta":{"footnotes":""},"class_list":["post-3012","page","type-page","status-publish","has-post-thumbnail","hentry"],"yoast_head":"<!-- This site is optimized with the Yoast SEO plugin v25.6 - https:\/\/yoast.com\/wordpress\/plugins\/seo\/ -->\n<title>Universal_Standards_Premium | SmartVision<\/title>\n<meta name=\"description\" content=\"Software per spettrofotometri per controllo Colore e Normative per Lenti e Occhiali da Sole. Stampa e visualizzazione Report.\" \/>\n<meta name=\"robots\" content=\"index, follow, max-snippet:-1, max-image-preview:large, max-video-preview:-1\" \/>\n<link rel=\"canonical\" href=\"https:\/\/www.smartvision.it\/it\/sistemi-di-visione-artificiale\/settore-occhialeria\/universal-standards\/\" \/>\n<meta property=\"og:locale\" content=\"it_IT\" \/>\n<meta property=\"og:type\" content=\"article\" \/>\n<meta property=\"og:title\" content=\"Universal_Standards_Premium | SmartVision\" \/>\n<meta property=\"og:description\" content=\"Software per spettrofotometri per controllo Colore e Normative per Lenti e Occhiali da Sole. Stampa e visualizzazione Report.\" \/>\n<meta property=\"og:url\" content=\"https:\/\/www.smartvision.it\/it\/sistemi-di-visione-artificiale\/settore-occhialeria\/universal-standards\/\" \/>\n<meta property=\"og:site_name\" content=\"SmartVision\" \/>\n<meta property=\"article:modified_time\" content=\"2023-03-07T11:09:25+00:00\" \/>\n<meta property=\"og:image\" content=\"https:\/\/www.smartvision.it\/wp-content\/uploads\/2023\/03\/Universal_Standards_Premium.png\" \/>\n\t<meta property=\"og:image:width\" content=\"600\" \/>\n\t<meta property=\"og:image:height\" content=\"600\" \/>\n\t<meta property=\"og:image:type\" content=\"image\/png\" \/>\n<meta name=\"twitter:card\" content=\"summary_large_image\" \/>\n<meta name=\"twitter:label1\" content=\"Tempo di lettura stimato\" \/>\n\t<meta name=\"twitter:data1\" content=\"3 minuti\" \/>\n<script type=\"application\/ld+json\" class=\"yoast-schema-graph\">{\"@context\":\"https:\/\/schema.org\",\"@graph\":[{\"@type\":\"WebPage\",\"@id\":\"https:\/\/www.smartvision.it\/it\/sistemi-di-visione-artificiale\/settore-occhialeria\/universal-standards\/\",\"url\":\"https:\/\/www.smartvision.it\/it\/sistemi-di-visione-artificiale\/settore-occhialeria\/universal-standards\/\",\"name\":\"Universal_Standards_Premium | SmartVision\",\"isPartOf\":{\"@id\":\"https:\/\/www.smartvision.it\/zh-hans\/#website\"},\"primaryImageOfPage\":{\"@id\":\"https:\/\/www.smartvision.it\/it\/sistemi-di-visione-artificiale\/settore-occhialeria\/universal-standards\/#primaryimage\"},\"image\":{\"@id\":\"https:\/\/www.smartvision.it\/it\/sistemi-di-visione-artificiale\/settore-occhialeria\/universal-standards\/#primaryimage\"},\"thumbnailUrl\":\"https:\/\/www.smartvision.it\/wp-content\/uploads\/2023\/03\/Universal_Standards_Premium.png\",\"datePublished\":\"2016-07-06T16:26:34+00:00\",\"dateModified\":\"2023-03-07T11:09:25+00:00\",\"description\":\"Software per spettrofotometri per controllo Colore e Normative per Lenti e Occhiali da Sole. Stampa e visualizzazione Report.\",\"breadcrumb\":{\"@id\":\"https:\/\/www.smartvision.it\/it\/sistemi-di-visione-artificiale\/settore-occhialeria\/universal-standards\/#breadcrumb\"},\"inLanguage\":\"it-IT\",\"potentialAction\":[{\"@type\":\"ReadAction\",\"target\":[\"https:\/\/www.smartvision.it\/it\/sistemi-di-visione-artificiale\/settore-occhialeria\/universal-standards\/\"]}]},{\"@type\":\"ImageObject\",\"inLanguage\":\"it-IT\",\"@id\":\"https:\/\/www.smartvision.it\/it\/sistemi-di-visione-artificiale\/settore-occhialeria\/universal-standards\/#primaryimage\",\"url\":\"https:\/\/www.smartvision.it\/wp-content\/uploads\/2023\/03\/Universal_Standards_Premium.png\",\"contentUrl\":\"https:\/\/www.smartvision.it\/wp-content\/uploads\/2023\/03\/Universal_Standards_Premium.png\",\"width\":600,\"height\":600},{\"@type\":\"BreadcrumbList\",\"@id\":\"https:\/\/www.smartvision.it\/it\/sistemi-di-visione-artificiale\/settore-occhialeria\/universal-standards\/#breadcrumb\",\"itemListElement\":[{\"@type\":\"ListItem\",\"position\":1,\"name\":\"Home\",\"item\":\"https:\/\/www.smartvision.it\/it\/\"},{\"@type\":\"ListItem\",\"position\":2,\"name\":\"Tutti i Prodotti\",\"item\":\"https:\/\/www.smartvision.it\/it\/sistemi-di-visione-artificiale\/\"},{\"@type\":\"ListItem\",\"position\":3,\"name\":\"Settore Occhialeria\",\"item\":\"https:\/\/www.smartvision.it\/it\/sistemi-di-visione-artificiale\/settore-occhialeria\/\"},{\"@type\":\"ListItem\",\"position\":4,\"name\":\"Universal_Standards_Premium\"}]},{\"@type\":\"WebSite\",\"@id\":\"https:\/\/www.smartvision.it\/zh-hans\/#website\",\"url\":\"https:\/\/www.smartvision.it\/zh-hans\/\",\"name\":\"SmartVision\",\"description\":\"In Line Quality\",\"publisher\":{\"@id\":\"https:\/\/www.smartvision.it\/zh-hans\/#organization\"},\"potentialAction\":[{\"@type\":\"SearchAction\",\"target\":{\"@type\":\"EntryPoint\",\"urlTemplate\":\"https:\/\/www.smartvision.it\/zh-hans\/?s={search_term_string}\"},\"query-input\":{\"@type\":\"PropertyValueSpecification\",\"valueRequired\":true,\"valueName\":\"search_term_string\"}}],\"inLanguage\":\"it-IT\"},{\"@type\":\"Organization\",\"@id\":\"https:\/\/www.smartvision.it\/zh-hans\/#organization\",\"name\":\"SmartVision S.r.l.\",\"url\":\"https:\/\/www.smartvision.it\/zh-hans\/\",\"logo\":{\"@type\":\"ImageObject\",\"inLanguage\":\"it-IT\",\"@id\":\"https:\/\/www.smartvision.it\/zh-hans\/#\/schema\/logo\/image\/\",\"url\":\"https:\/\/www.smartvision.it\/wp-content\/uploads\/2016\/06\/smartvision-logo-70-70.png\",\"contentUrl\":\"https:\/\/www.smartvision.it\/wp-content\/uploads\/2016\/06\/smartvision-logo-70-70.png\",\"width\":70,\"height\":70,\"caption\":\"SmartVision S.r.l.\"},\"image\":{\"@id\":\"https:\/\/www.smartvision.it\/zh-hans\/#\/schema\/logo\/image\/\"},\"sameAs\":[\"https:\/\/it.linkedin.com\/company\/smartvision---qualit-in-linea\",\"https:\/\/www.youtube.com\/user\/SmartVisionILQ\"]}]}<\/script>\n<!-- \/ Yoast SEO plugin. -->","yoast_head_json":{"title":"Universal_Standards_Premium | SmartVision","description":"Software per spettrofotometri per controllo Colore e Normative per Lenti e Occhiali da Sole. Stampa e visualizzazione Report.","robots":{"index":"index","follow":"follow","max-snippet":"max-snippet:-1","max-image-preview":"max-image-preview:large","max-video-preview":"max-video-preview:-1"},"canonical":"https:\/\/www.smartvision.it\/it\/sistemi-di-visione-artificiale\/settore-occhialeria\/universal-standards\/","og_locale":"it_IT","og_type":"article","og_title":"Universal_Standards_Premium | SmartVision","og_description":"Software per spettrofotometri per controllo Colore e Normative per Lenti e Occhiali da Sole. Stampa e visualizzazione Report.","og_url":"https:\/\/www.smartvision.it\/it\/sistemi-di-visione-artificiale\/settore-occhialeria\/universal-standards\/","og_site_name":"SmartVision","article_modified_time":"2023-03-07T11:09:25+00:00","og_image":[{"width":600,"height":600,"url":"https:\/\/www.smartvision.it\/wp-content\/uploads\/2023\/03\/Universal_Standards_Premium.png","type":"image\/png"}],"twitter_card":"summary_large_image","twitter_misc":{"Tempo di lettura stimato":"3 minuti"},"schema":{"@context":"https:\/\/schema.org","@graph":[{"@type":"WebPage","@id":"https:\/\/www.smartvision.it\/it\/sistemi-di-visione-artificiale\/settore-occhialeria\/universal-standards\/","url":"https:\/\/www.smartvision.it\/it\/sistemi-di-visione-artificiale\/settore-occhialeria\/universal-standards\/","name":"Universal_Standards_Premium | SmartVision","isPartOf":{"@id":"https:\/\/www.smartvision.it\/zh-hans\/#website"},"primaryImageOfPage":{"@id":"https:\/\/www.smartvision.it\/it\/sistemi-di-visione-artificiale\/settore-occhialeria\/universal-standards\/#primaryimage"},"image":{"@id":"https:\/\/www.smartvision.it\/it\/sistemi-di-visione-artificiale\/settore-occhialeria\/universal-standards\/#primaryimage"},"thumbnailUrl":"https:\/\/www.smartvision.it\/wp-content\/uploads\/2023\/03\/Universal_Standards_Premium.png","datePublished":"2016-07-06T16:26:34+00:00","dateModified":"2023-03-07T11:09:25+00:00","description":"Software per spettrofotometri per controllo Colore e Normative per Lenti e Occhiali da Sole. Stampa e visualizzazione Report.","breadcrumb":{"@id":"https:\/\/www.smartvision.it\/it\/sistemi-di-visione-artificiale\/settore-occhialeria\/universal-standards\/#breadcrumb"},"inLanguage":"it-IT","potentialAction":[{"@type":"ReadAction","target":["https:\/\/www.smartvision.it\/it\/sistemi-di-visione-artificiale\/settore-occhialeria\/universal-standards\/"]}]},{"@type":"ImageObject","inLanguage":"it-IT","@id":"https:\/\/www.smartvision.it\/it\/sistemi-di-visione-artificiale\/settore-occhialeria\/universal-standards\/#primaryimage","url":"https:\/\/www.smartvision.it\/wp-content\/uploads\/2023\/03\/Universal_Standards_Premium.png","contentUrl":"https:\/\/www.smartvision.it\/wp-content\/uploads\/2023\/03\/Universal_Standards_Premium.png","width":600,"height":600},{"@type":"BreadcrumbList","@id":"https:\/\/www.smartvision.it\/it\/sistemi-di-visione-artificiale\/settore-occhialeria\/universal-standards\/#breadcrumb","itemListElement":[{"@type":"ListItem","position":1,"name":"Home","item":"https:\/\/www.smartvision.it\/it\/"},{"@type":"ListItem","position":2,"name":"Tutti i Prodotti","item":"https:\/\/www.smartvision.it\/it\/sistemi-di-visione-artificiale\/"},{"@type":"ListItem","position":3,"name":"Settore Occhialeria","item":"https:\/\/www.smartvision.it\/it\/sistemi-di-visione-artificiale\/settore-occhialeria\/"},{"@type":"ListItem","position":4,"name":"Universal_Standards_Premium"}]},{"@type":"WebSite","@id":"https:\/\/www.smartvision.it\/zh-hans\/#website","url":"https:\/\/www.smartvision.it\/zh-hans\/","name":"SmartVision","description":"In Line Quality","publisher":{"@id":"https:\/\/www.smartvision.it\/zh-hans\/#organization"},"potentialAction":[{"@type":"SearchAction","target":{"@type":"EntryPoint","urlTemplate":"https:\/\/www.smartvision.it\/zh-hans\/?s={search_term_string}"},"query-input":{"@type":"PropertyValueSpecification","valueRequired":true,"valueName":"search_term_string"}}],"inLanguage":"it-IT"},{"@type":"Organization","@id":"https:\/\/www.smartvision.it\/zh-hans\/#organization","name":"SmartVision S.r.l.","url":"https:\/\/www.smartvision.it\/zh-hans\/","logo":{"@type":"ImageObject","inLanguage":"it-IT","@id":"https:\/\/www.smartvision.it\/zh-hans\/#\/schema\/logo\/image\/","url":"https:\/\/www.smartvision.it\/wp-content\/uploads\/2016\/06\/smartvision-logo-70-70.png","contentUrl":"https:\/\/www.smartvision.it\/wp-content\/uploads\/2016\/06\/smartvision-logo-70-70.png","width":70,"height":70,"caption":"SmartVision S.r.l."},"image":{"@id":"https:\/\/www.smartvision.it\/zh-hans\/#\/schema\/logo\/image\/"},"sameAs":["https:\/\/it.linkedin.com\/company\/smartvision---qualit-in-linea","https:\/\/www.youtube.com\/user\/SmartVisionILQ"]}]}},"_links":{"self":[{"href":"https:\/\/www.smartvision.it\/it\/wp-json\/wp\/v2\/pages\/3012"}],"collection":[{"href":"https:\/\/www.smartvision.it\/it\/wp-json\/wp\/v2\/pages"}],"about":[{"href":"https:\/\/www.smartvision.it\/it\/wp-json\/wp\/v2\/types\/page"}],"author":[{"embeddable":true,"href":"https:\/\/www.smartvision.it\/it\/wp-json\/wp\/v2\/users\/1"}],"replies":[{"embeddable":true,"href":"https:\/\/www.smartvision.it\/it\/wp-json\/wp\/v2\/comments?post=3012"}],"version-history":[{"count":19,"href":"https:\/\/www.smartvision.it\/it\/wp-json\/wp\/v2\/pages\/3012\/revisions"}],"predecessor-version":[{"id":13060,"href":"https:\/\/www.smartvision.it\/it\/wp-json\/wp\/v2\/pages\/3012\/revisions\/13060"}],"up":[{"embeddable":true,"href":"https:\/\/www.smartvision.it\/it\/wp-json\/wp\/v2\/pages\/2532"}],"wp:featuredmedia":[{"embeddable":true,"href":"https:\/\/www.smartvision.it\/it\/wp-json\/wp\/v2\/media\/14145"}],"wp:attachment":[{"href":"https:\/\/www.smartvision.it\/it\/wp-json\/wp\/v2\/media?parent=3012"}],"curies":[{"name":"wp","href":"https:\/\/api.w.org\/{rel}","templated":true}]}}