{"id":2530,"date":"2016-09-05T16:00:25","date_gmt":"2016-09-05T14:00:25","guid":{"rendered":"http:\/\/www.smartvision.it\/it\/prodotti\/automotive\/"},"modified":"2024-03-11T10:52:24","modified_gmt":"2024-03-11T09:52:24","slug":"industria-automobilistica","status":"publish","type":"page","link":"https:\/\/www.smartvision.it\/it\/sistemi-di-visione-artificiale\/industria-automobilistica\/","title":{"rendered":"Settore Automobilistico"},"content":{"rendered":"<div class=\"wpb-content-wrapper\"><p>[vc_row bottom_padding=&#8221;40&#8243;][vc_column width=&#8221;1\/1&#8243;]<h1 class=\"headline font-inherit fontsize-xxxl fontweight-300 lh-inherit align-center transform-inherit \" style=\"margin: 0 0 20px 0; color: #777777;\">Automotive<\/h1><h2 class=\"headline font-inherit fontsize-l fontweight-300 lh-inherit align-center transform-inherit \" style=\"margin: 0 0 20px 0; color: #777777;\">SmartVision fornisce soluzioni di ispezione, identificazione e controllo dimensionale per il settore automobilistico.<\/h2>[vc_row_inner][vc_column_inner width=&#8221;1\/3&#8243;]<h3 class=\"headline font-inherit fontsize-s fontweight-300 lh-inherit align-center transform-inherit \" style=\"margin: 0 0 20px 0; color: #777777;\">Questo particolare settore richiede la massima efficienza di produzione legata ad un elevato livello di qualit\u00e0 per garantire produttivit\u00e0, competitivit\u00e0, sicurezza e affidabilit\u00e0<\/h3>[\/vc_column_inner][vc_column_inner width=&#8221;1\/3&#8243;]<h3 class=\"headline font-inherit fontsize-s fontweight-300 lh-inherit align-center transform-inherit \" style=\"margin: 0 0 20px 0; color: #777777;\">I sistemi e soluzioni di visione SmartVision vengono utilizzate per il controllo qualit\u00e0 sia di componenti principali che secondari, al fine di assicurare l\u2019efficienza di produzione richiesta.<\/h3>[\/vc_column_inner][vc_column_inner width=&#8221;1\/3&#8243;]<h3 class=\"headline font-inherit fontsize-s fontweight-300 lh-inherit align-center transform-inherit \" style=\"margin: 0 0 20px 0; color: #777777;\">Per il settore della fanaleria per Auto in particolare, \u00e8 consigliabile lo Easy_Spectro_RX, che consente il controllo colore e la trasmittanza delle plastiche dei fanali posteriori di autoveicoli e motoveicoli.<\/h3>[\/vc_column_inner][\/vc_row_inner][\/vc_column][\/vc_row][vc_row][vc_column width=&#8221;1\/4&#8243;]<div class=\"single_image wpb_content_element align-center   image_zoom \" data-animation=\"none\" data-delay=\"0\"><a href=\"https:\/\/www.smartvision.it\/it\/sistemi-di-visione-artificiale\/smart_projector_55\/\" target=\"_self\"><img decoding=\"async\" class=\"\" src=\"https:\/\/www.smartvision.it\/wp-content\/uploads\/2019\/11\/S_P55-200x200.jpg\" width=\"200\" height=\"200\" alt=\"Smart_Projector 55\" title=\"Smart_Projector 55\" loading=\"lazy\" \/><\/a><\/div><div class=\"headline font-inherit fontsize-xs fontweight-300 lh-inherit align-center transform-uppercase \" style=\"margin: 0 0 20px 0; color: #00afee;\">Smart_Projector 55<\/div>[vc_column_text]<\/p>\n<p style=\"text-align: center;\">Proiettore di Profili Automatico Digitale con FoV da 55\u00d737 (mm)<\/p>\n<p>[\/vc_column_text][\/vc_column][vc_column width=&#8221;1\/4&#8243;]<div class=\"single_image wpb_content_element align-center   image_zoom \" data-animation=\"none\" data-delay=\"0\"><a href=\"https:\/\/www.smartvision.it\/it\/sistemi-di-visione-artificiale\/smart_projector_quattro\/\" target=\"_self\"><img decoding=\"async\" class=\"\" src=\"https:\/\/www.smartvision.it\/wp-content\/uploads\/2019\/11\/S_PQuattro-200x200.jpg\" width=\"200\" height=\"200\" alt=\"Smart_Projector_Quattro_Pro\" title=\"Smart_Projector_Quattro_Pro\" loading=\"lazy\" \/><\/a><\/div><div class=\"headline font-inherit fontsize-xs fontweight-300 lh-inherit align-center transform-uppercase \" style=\"margin: 0 0 20px 0; color: #00afee;\">Smart_Projector_Quattro_Pro<\/div>[vc_column_text]<\/p>\n<p style=\"text-align: center;\">Proiettore di Profili Automatico Digitale con ZOOM e quattro FoV: \u00f8 12\/24\/48\/90 (mm)<\/p>\n<p>[\/vc_column_text][\/vc_column][vc_column width=&#8221;1\/4&#8243;]<div class=\"single_image wpb_content_element align-center   image_zoom \" data-animation=\"none\" data-delay=\"0\"><a href=\"https:\/\/www.smartvision.it\/it\/sistemi-di-visione-artificiale\/smart_projector_double\/\" target=\"_self\"><img decoding=\"async\" class=\"\" src=\"https:\/\/www.smartvision.it\/wp-content\/uploads\/2022\/03\/S_PDouble-200x200.jpg\" width=\"200\" height=\"200\" alt=\"Smart_Projector_Double\" title=\"Smart_Projector_Double\" loading=\"lazy\" \/><\/a><\/div><div class=\"headline font-inherit fontsize-xs fontweight-300 lh-inherit align-center transform-uppercase \" style=\"margin: 0 0 20px 0; color: #00afee;\">Smart_Projector_Double<\/div>[vc_column_text]<\/p>\n<p style=\"text-align: center;\">Proiettore di Profili Automatico Digitale a Doppio Ingrandimento con due FoV: 60\u00d745\/108\u00d773 (mm)<\/p>\n<p>[\/vc_column_text][\/vc_column][vc_column width=&#8221;1\/4&#8243;]<div class=\"single_image wpb_content_element align-center   image_zoom \" data-animation=\"none\" data-delay=\"0\"><a href=\"https:\/\/www.smartvision.it\/it\/sistemi-di-visione-artificiale\/smart_projector_168\/\" target=\"_self\"><img decoding=\"async\" class=\"\" src=\"https:\/\/www.smartvision.it\/wp-content\/uploads\/2019\/11\/S_P168-200x200.jpg\" width=\"200\" height=\"200\" alt=\"Smart_Projector 168\" title=\"Smart_Projector 168\" loading=\"lazy\" \/><\/a><\/div><div class=\"headline font-inherit fontsize-xs fontweight-300 lh-inherit align-center transform-uppercase \" style=\"margin: 0 0 20px 0; color: #00afee;\">Smart_Projector 168<\/div>[vc_column_text]<\/p>\n<p style=\"text-align: center;\">Proiettore di Profili Automatico Digitale con FoV da 168\u00d7113 (mm)<\/p>\n<p>[\/vc_column_text][\/vc_column][\/vc_row][vc_row][vc_column width=&#8221;1\/1&#8243;]<div class=\"spacer\" style=\"height: 65px;\"><\/div>[\/vc_column][\/vc_row][vc_row][vc_column width=&#8221;1\/4&#8243;]<div class=\"single_image wpb_content_element align-center   image_zoom \" data-animation=\"none\" data-delay=\"0\"><a href=\"https:\/\/www.smartvision.it\/it\/sistemi-di-visione-artificiale\/smart_projector_224\/\" target=\"_self\"><img decoding=\"async\" class=\"\" src=\"https:\/\/www.smartvision.it\/wp-content\/uploads\/2022\/06\/S_P224-200x200.jpg\" width=\"200\" height=\"200\" alt=\"Smart_Projector 224\" title=\"Smart_Projector 224\" loading=\"lazy\" \/><\/a><\/div><div class=\"headline font-inherit fontsize-xs fontweight-300 lh-inherit align-center transform-uppercase \" style=\"margin: 0 0 20px 0; color: #00afee;\">Smart_Projector 224<\/div>[vc_column_text]<\/p>\n<p style=\"text-align: center;\">Proiettore di Profili Automatico Digitale con FoV da 224\u00d7150 (mm)<\/p>\n<p>[\/vc_column_text][\/vc_column][vc_column width=&#8221;1\/4&#8243;]<div class=\"single_image wpb_content_element align-center   image_zoom \" data-animation=\"none\" data-delay=\"0\"><a href=\"https:\/\/www.smartvision.it\/it\/sistemi-di-visione-artificiale\/easy_projector_92\/\" target=\"_self\"><img decoding=\"async\" class=\"\" src=\"https:\/\/www.smartvision.it\/wp-content\/uploads\/2022\/02\/E_P92-200x200.jpg\" width=\"200\" height=\"200\" alt=\"Easy_Projector 92\" title=\"Easy_Projector 92\" loading=\"lazy\" \/><\/a><\/div><div class=\"headline font-inherit fontsize-xs fontweight-300 lh-inherit align-center transform-uppercase \" style=\"margin: 0 0 20px 0; color: #00afee;\">Easy_Projector 92<\/div>[vc_column_text]<\/p>\n<p style=\"text-align: center;\">Proiettore di Profili Digitale con il miglior rapporto Qualit\u00e0\/Prezzo con FoV da 92\u00d761 (mm)<\/p>\n<p>[\/vc_column_text][\/vc_column][vc_column width=&#8221;1\/4&#8243;]<div class=\"single_image wpb_content_element align-center   image_zoom \" data-animation=\"none\" data-delay=\"0\"><a href=\"https:\/\/www.smartvision.it\/it\/sistemi-di-visione-artificiale\/settore-occhialeria\/easy_color\/\" target=\"_self\"><img decoding=\"async\" class=\"\" src=\"https:\/\/www.smartvision.it\/wp-content\/uploads\/2024\/02\/Easy_Color_Fashion-200x200.jpg\" width=\"200\" height=\"200\" alt=\"Easy_Color\" title=\"Easy_Color\" loading=\"lazy\" \/><\/a><\/div><div class=\"headline font-inherit fontsize-xs fontweight-300 lh-inherit align-center transform-uppercase \" style=\"margin: 0 0 20px 0; color: #00afee;\">Easy_Color<\/div>[vc_column_text]<\/p>\n<p style=\"text-align: center;\">Video Colorimetro Digitale per Controllo delle Differenze Colore<\/p>\n<p>[\/vc_column_text][\/vc_column][vc_column width=&#8221;1\/4&#8243;]<div class=\"single_image wpb_content_element align-center   image_zoom \" data-animation=\"none\" data-delay=\"0\"><a href=\"https:\/\/www.smartvision.it\/it\/sistemi-di-visione-artificiale\/settore-plastico\/easy_spectro_rx\/\" target=\"_self\"><img decoding=\"async\" class=\"\" src=\"https:\/\/www.smartvision.it\/wp-content\/uploads\/2023\/04\/Easy_Spectro_RX_BaseMode-198x198.jpg\" width=\"198\" height=\"198\" alt=\"Easy_Spectro_RX\" title=\"Easy_Spectro_RX\" loading=\"lazy\" \/><\/a><\/div><div class=\"headline font-inherit fontsize-xs fontweight-300 lh-inherit align-center transform-uppercase \" style=\"margin: 0 0 20px 0; color: #00afee;\">Easy_Spectro_RX<\/div>[vc_column_text]<\/p>\n<p style=\"text-align: center;\">Spettrofotometro Industriale per Controllo Colore di Vetro e Plastica<\/p>\n<p>[\/vc_column_text][\/vc_column][\/vc_row]<\/p>\n<\/div>","protected":false},"excerpt":{"rendered":"<p>[vc_row bottom_padding=&#8221;40&#8243;][vc_column width=&#8221;1\/1&#8243;][vc_row_inner][vc_column_inner width=&#8221;1\/3&#8243;][\/vc_column_inner][vc_column_inner width=&#8221;1\/3&#8243;][\/vc_column_inner][vc_column_inner width=&#8221;1\/3&#8243;][\/vc_column_inner][\/vc_row_inner][\/vc_column][\/vc_row][vc_row][vc_column width=&#8221;1\/4&#8243;][vc_column_text] Proiettore di Profili Automatico Digitale con FoV da 55\u00d737 (mm) [\/vc_column_text][\/vc_column][vc_column width=&#8221;1\/4&#8243;][vc_column_text] Proiettore di Profili Automatico Digitale con ZOOM e quattro FoV: \u00f8 12\/24\/48\/90 (mm) [\/vc_column_text][\/vc_column][vc_column width=&#8221;1\/4&#8243;][vc_column_text] Proiettore di Profili Automatico Digitale a Doppio Ingrandimento con due FoV: 60\u00d745\/108\u00d773 (mm) [\/vc_column_text][\/vc_column][vc_column width=&#8221;1\/4&#8243;][vc_column_text] Proiettore di Profili Automatico Digitale con FoV da 168\u00d7113 (mm) [\/vc_column_text][\/vc_column][\/vc_row][vc_row][vc_column width=&#8221;1\/1&#8243;][\/vc_column][\/vc_row][vc_row][vc_column width=&#8221;1\/4&#8243;][vc_column_text] Proiettore di Profili Automatico Digitale con FoV da 224\u00d7150 (mm) [\/vc_column_text][\/vc_column][vc_column width=&#8221;1\/4&#8243;][vc_column_text] Proiettore di Profili Digitale con il miglior rapporto Qualit\u00e0\/Prezzo con FoV da 92\u00d761 (mm) [\/vc_column_text][\/vc_column][vc_column width=&#8221;1\/4&#8243;][vc_column_text] Video Colorimetro Digitale per Controllo delle Differenze Colore [\/vc_column_text][\/vc_column][vc_column width=&#8221;1\/4&#8243;][vc_column_text] Spettrofotometro Industriale per Controllo Colore di Vetro e Plastica [\/vc_column_text][\/vc_column][\/vc_row]<\/p>\n","protected":false},"author":1,"featured_media":0,"parent":2522,"menu_order":0,"comment_status":"closed","ping_status":"closed","template":"","meta":{"footnotes":""},"class_list":["post-2530","page","type-page","status-publish","hentry"],"yoast_head":"<!-- This site is optimized with the Yoast SEO plugin v25.6 - https:\/\/yoast.com\/wordpress\/plugins\/seo\/ -->\n<title>Settore Automobilistico | SmartVision<\/title>\n<meta name=\"description\" content=\"SmartVision fornisce soluzioni di ispezione e controllo dimensionale come Spettrofotometri e Proiettori di Profili per il settore dell&#039;automotive.\" \/>\n<meta name=\"robots\" content=\"index, follow, max-snippet:-1, max-image-preview:large, max-video-preview:-1\" \/>\n<link rel=\"canonical\" href=\"https:\/\/www.smartvision.it\/it\/sistemi-di-visione-artificiale\/industria-automobilistica\/\" \/>\n<meta property=\"og:locale\" content=\"it_IT\" \/>\n<meta property=\"og:type\" content=\"article\" \/>\n<meta property=\"og:title\" content=\"Settore Automobilistico | SmartVision\" \/>\n<meta property=\"og:description\" content=\"SmartVision fornisce soluzioni di ispezione e controllo dimensionale come Spettrofotometri e Proiettori di Profili per il settore dell&#039;automotive.\" \/>\n<meta property=\"og:url\" content=\"https:\/\/www.smartvision.it\/it\/sistemi-di-visione-artificiale\/industria-automobilistica\/\" \/>\n<meta property=\"og:site_name\" content=\"SmartVision\" \/>\n<meta property=\"article:modified_time\" content=\"2024-03-11T09:52:24+00:00\" \/>\n<meta name=\"twitter:card\" content=\"summary_large_image\" \/>\n<meta name=\"twitter:label1\" content=\"Tempo di lettura stimato\" \/>\n\t<meta name=\"twitter:data1\" content=\"2 minuti\" \/>\n<script type=\"application\/ld+json\" class=\"yoast-schema-graph\">{\"@context\":\"https:\/\/schema.org\",\"@graph\":[{\"@type\":\"WebPage\",\"@id\":\"https:\/\/www.smartvision.it\/it\/sistemi-di-visione-artificiale\/industria-automobilistica\/\",\"url\":\"https:\/\/www.smartvision.it\/it\/sistemi-di-visione-artificiale\/industria-automobilistica\/\",\"name\":\"Settore Automobilistico | SmartVision\",\"isPartOf\":{\"@id\":\"https:\/\/www.smartvision.it\/zh-hans\/#website\"},\"datePublished\":\"2016-09-05T14:00:25+00:00\",\"dateModified\":\"2024-03-11T09:52:24+00:00\",\"description\":\"SmartVision fornisce soluzioni di ispezione e controllo dimensionale come Spettrofotometri e Proiettori di Profili per il settore dell'automotive.\",\"breadcrumb\":{\"@id\":\"https:\/\/www.smartvision.it\/it\/sistemi-di-visione-artificiale\/industria-automobilistica\/#breadcrumb\"},\"inLanguage\":\"it-IT\",\"potentialAction\":[{\"@type\":\"ReadAction\",\"target\":[\"https:\/\/www.smartvision.it\/it\/sistemi-di-visione-artificiale\/industria-automobilistica\/\"]}]},{\"@type\":\"BreadcrumbList\",\"@id\":\"https:\/\/www.smartvision.it\/it\/sistemi-di-visione-artificiale\/industria-automobilistica\/#breadcrumb\",\"itemListElement\":[{\"@type\":\"ListItem\",\"position\":1,\"name\":\"Home\",\"item\":\"https:\/\/www.smartvision.it\/it\/\"},{\"@type\":\"ListItem\",\"position\":2,\"name\":\"Tutti i Prodotti\",\"item\":\"https:\/\/www.smartvision.it\/it\/sistemi-di-visione-artificiale\/\"},{\"@type\":\"ListItem\",\"position\":3,\"name\":\"Settore Automobilistico\"}]},{\"@type\":\"WebSite\",\"@id\":\"https:\/\/www.smartvision.it\/zh-hans\/#website\",\"url\":\"https:\/\/www.smartvision.it\/zh-hans\/\",\"name\":\"SmartVision\",\"description\":\"In Line Quality\",\"publisher\":{\"@id\":\"https:\/\/www.smartvision.it\/zh-hans\/#organization\"},\"potentialAction\":[{\"@type\":\"SearchAction\",\"target\":{\"@type\":\"EntryPoint\",\"urlTemplate\":\"https:\/\/www.smartvision.it\/zh-hans\/?s={search_term_string}\"},\"query-input\":{\"@type\":\"PropertyValueSpecification\",\"valueRequired\":true,\"valueName\":\"search_term_string\"}}],\"inLanguage\":\"it-IT\"},{\"@type\":\"Organization\",\"@id\":\"https:\/\/www.smartvision.it\/zh-hans\/#organization\",\"name\":\"SmartVision S.r.l.\",\"url\":\"https:\/\/www.smartvision.it\/zh-hans\/\",\"logo\":{\"@type\":\"ImageObject\",\"inLanguage\":\"it-IT\",\"@id\":\"https:\/\/www.smartvision.it\/zh-hans\/#\/schema\/logo\/image\/\",\"url\":\"https:\/\/www.smartvision.it\/wp-content\/uploads\/2016\/06\/smartvision-logo-70-70.png\",\"contentUrl\":\"https:\/\/www.smartvision.it\/wp-content\/uploads\/2016\/06\/smartvision-logo-70-70.png\",\"width\":70,\"height\":70,\"caption\":\"SmartVision S.r.l.\"},\"image\":{\"@id\":\"https:\/\/www.smartvision.it\/zh-hans\/#\/schema\/logo\/image\/\"},\"sameAs\":[\"https:\/\/it.linkedin.com\/company\/smartvision---qualit-in-linea\",\"https:\/\/www.youtube.com\/user\/SmartVisionILQ\"]}]}<\/script>\n<!-- \/ Yoast SEO plugin. -->","yoast_head_json":{"title":"Settore Automobilistico | SmartVision","description":"SmartVision fornisce soluzioni di ispezione e controllo dimensionale come Spettrofotometri e Proiettori di Profili per il settore dell'automotive.","robots":{"index":"index","follow":"follow","max-snippet":"max-snippet:-1","max-image-preview":"max-image-preview:large","max-video-preview":"max-video-preview:-1"},"canonical":"https:\/\/www.smartvision.it\/it\/sistemi-di-visione-artificiale\/industria-automobilistica\/","og_locale":"it_IT","og_type":"article","og_title":"Settore Automobilistico | SmartVision","og_description":"SmartVision fornisce soluzioni di ispezione e controllo dimensionale come Spettrofotometri e Proiettori di Profili per il settore dell'automotive.","og_url":"https:\/\/www.smartvision.it\/it\/sistemi-di-visione-artificiale\/industria-automobilistica\/","og_site_name":"SmartVision","article_modified_time":"2024-03-11T09:52:24+00:00","twitter_card":"summary_large_image","twitter_misc":{"Tempo di lettura stimato":"2 minuti"},"schema":{"@context":"https:\/\/schema.org","@graph":[{"@type":"WebPage","@id":"https:\/\/www.smartvision.it\/it\/sistemi-di-visione-artificiale\/industria-automobilistica\/","url":"https:\/\/www.smartvision.it\/it\/sistemi-di-visione-artificiale\/industria-automobilistica\/","name":"Settore Automobilistico | SmartVision","isPartOf":{"@id":"https:\/\/www.smartvision.it\/zh-hans\/#website"},"datePublished":"2016-09-05T14:00:25+00:00","dateModified":"2024-03-11T09:52:24+00:00","description":"SmartVision fornisce soluzioni di ispezione e controllo dimensionale come Spettrofotometri e Proiettori di Profili per il settore dell'automotive.","breadcrumb":{"@id":"https:\/\/www.smartvision.it\/it\/sistemi-di-visione-artificiale\/industria-automobilistica\/#breadcrumb"},"inLanguage":"it-IT","potentialAction":[{"@type":"ReadAction","target":["https:\/\/www.smartvision.it\/it\/sistemi-di-visione-artificiale\/industria-automobilistica\/"]}]},{"@type":"BreadcrumbList","@id":"https:\/\/www.smartvision.it\/it\/sistemi-di-visione-artificiale\/industria-automobilistica\/#breadcrumb","itemListElement":[{"@type":"ListItem","position":1,"name":"Home","item":"https:\/\/www.smartvision.it\/it\/"},{"@type":"ListItem","position":2,"name":"Tutti i Prodotti","item":"https:\/\/www.smartvision.it\/it\/sistemi-di-visione-artificiale\/"},{"@type":"ListItem","position":3,"name":"Settore Automobilistico"}]},{"@type":"WebSite","@id":"https:\/\/www.smartvision.it\/zh-hans\/#website","url":"https:\/\/www.smartvision.it\/zh-hans\/","name":"SmartVision","description":"In Line Quality","publisher":{"@id":"https:\/\/www.smartvision.it\/zh-hans\/#organization"},"potentialAction":[{"@type":"SearchAction","target":{"@type":"EntryPoint","urlTemplate":"https:\/\/www.smartvision.it\/zh-hans\/?s={search_term_string}"},"query-input":{"@type":"PropertyValueSpecification","valueRequired":true,"valueName":"search_term_string"}}],"inLanguage":"it-IT"},{"@type":"Organization","@id":"https:\/\/www.smartvision.it\/zh-hans\/#organization","name":"SmartVision S.r.l.","url":"https:\/\/www.smartvision.it\/zh-hans\/","logo":{"@type":"ImageObject","inLanguage":"it-IT","@id":"https:\/\/www.smartvision.it\/zh-hans\/#\/schema\/logo\/image\/","url":"https:\/\/www.smartvision.it\/wp-content\/uploads\/2016\/06\/smartvision-logo-70-70.png","contentUrl":"https:\/\/www.smartvision.it\/wp-content\/uploads\/2016\/06\/smartvision-logo-70-70.png","width":70,"height":70,"caption":"SmartVision S.r.l."},"image":{"@id":"https:\/\/www.smartvision.it\/zh-hans\/#\/schema\/logo\/image\/"},"sameAs":["https:\/\/it.linkedin.com\/company\/smartvision---qualit-in-linea","https:\/\/www.youtube.com\/user\/SmartVisionILQ"]}]}},"_links":{"self":[{"href":"https:\/\/www.smartvision.it\/it\/wp-json\/wp\/v2\/pages\/2530"}],"collection":[{"href":"https:\/\/www.smartvision.it\/it\/wp-json\/wp\/v2\/pages"}],"about":[{"href":"https:\/\/www.smartvision.it\/it\/wp-json\/wp\/v2\/types\/page"}],"author":[{"embeddable":true,"href":"https:\/\/www.smartvision.it\/it\/wp-json\/wp\/v2\/users\/1"}],"replies":[{"embeddable":true,"href":"https:\/\/www.smartvision.it\/it\/wp-json\/wp\/v2\/comments?post=2530"}],"version-history":[{"count":48,"href":"https:\/\/www.smartvision.it\/it\/wp-json\/wp\/v2\/pages\/2530\/revisions"}],"predecessor-version":[{"id":16346,"href":"https:\/\/www.smartvision.it\/it\/wp-json\/wp\/v2\/pages\/2530\/revisions\/16346"}],"up":[{"embeddable":true,"href":"https:\/\/www.smartvision.it\/it\/wp-json\/wp\/v2\/pages\/2522"}],"wp:attachment":[{"href":"https:\/\/www.smartvision.it\/it\/wp-json\/wp\/v2\/media?parent=2530"}],"curies":[{"name":"wp","href":"https:\/\/api.w.org\/{rel}","templated":true}]}}