{"id":2525,"date":"2016-07-21T16:53:45","date_gmt":"2016-07-21T14:53:45","guid":{"rendered":"http:\/\/www.smartvision.it\/it\/technology\/"},"modified":"2022-09-09T11:33:03","modified_gmt":"2022-09-09T09:33:03","slug":"tecnologia","status":"publish","type":"page","link":"https:\/\/www.smartvision.it\/it\/tecnologia\/","title":{"rendered":"Tecnologia"},"content":{"rendered":"<div class=\"wpb-content-wrapper\"><p>[vc_row][vc_column column_padding=&#8221;padding-4&#8243; text_align=&#8221;center&#8221; width=&#8221;1\/1&#8243;]<h1 class=\"headline font-inherit fontsize-xxxl fontweight-300 lh-inherit align-center transform-inherit \" style=\"margin: 0 0 20px 0; color: #777777;\">Innovazione<\/h1><h1 class=\"headline font-inherit fontsize-l fontweight-300 lh-inherit align-center transform-inherit \" style=\"margin: 0 0 20px 0; color: #777777;\">Tecnologia, creativit\u00e0 e affidabilit\u00e0 guidate dalle necessit\u00e0 dei clienti<\/h1><div class=\"spacer\" style=\"height: 20px;\"><\/div>[\/vc_column][\/vc_row][vc_row bg_color=&#8221;#4c4c4c&#8221; top_padding=&#8221;0&#8243; bottom_padding=&#8221;0&#8243;][vc_column bg_image=&#8221;8924&#8243; column_center=&#8221;true&#8221; width=&#8221;1\/3&#8243;]<div class=\"spacer\" style=\"height: 240px;\"><\/div>[\/vc_column][vc_column text_color=&#8221;light&#8221; width=&#8221;1\/3&#8243;]<h1 class=\"headline font-inherit fontsize-s fontweight-300 lh-inherit align-left transform-inherit \" style=\"margin: 20px 20px 20px 20px; color: #ffffff;\">La tecnologia SmartVision \u00e8 &#8220;smart&#8221; perch\u00e9 tutta la conoscenza relativa ai controlli da effettuare \u00e8 integrata nello strumento, garantendo un semplice risultato di Buono \/ Scarto: non c&#8217;\u00e8 bisogno di un operatore esperto per il suo utilizzo! <\/h1>[\/vc_column][vc_column bg_image=&#8221;8903&#8243; width=&#8221;1\/3&#8243;][\/vc_column][\/vc_row][vc_row bg_color=&#8221;#f4f4f4&#8243; top_padding=&#8221;0&#8243; bottom_padding=&#8221;0&#8243;][vc_column width=&#8221;1\/1&#8243;]<div class=\"spacer\" style=\"height: 25px;\"><\/div><h1 class=\"headline font-inherit fontsize-l fontweight-300 lh-inherit align-center transform-inherit \" style=\"margin: 0 0 20px 0; color: #777777;\">I sistemi SmartVision garantiscono le seguenti caratteristiche principali: <\/h1><div class=\"spacer\" style=\"height: 20px;\"><\/div>[vc_row_inner][vc_column_inner width=&#8221;1\/3&#8243;]<div class=\"iconbox  wpb_content_element iconbox-style-4 icon-color-custom color-dark clearfix\"><div class=\"iconbox-icon\"><i class=\"fa fa-thumbs-o-up boxicon\" style=\"color: #777777;\"><\/i><\/div><div class=\"iconbox-content\"><h3>SMART<\/h3><p>\n<p style=\"text-align: center;\">La conoscenza \u00e8 integrata nello strumento.<\/p>\n<\/p><\/div><\/div><div class=\"iconbox  wpb_content_element iconbox-style-4 icon-color-custom color-dark clearfix\"><div class=\"iconbox-icon\"><i class=\"fa fa-magic boxicon\" style=\"\"><\/i><\/div><div class=\"iconbox-content\"><h3>AUTOMATICO<\/h3><p>\n<p style=\"text-align: center;\">L&#8217;operatore deve solo leggere il semaforo di buono \/ scarto.<\/p>\n<\/p><\/div><\/div><div class=\"iconbox  wpb_content_element iconbox-style-4 icon-color-custom color-dark clearfix\"><div class=\"iconbox-icon\"><i class=\"fa fa-users boxicon\" style=\"\"><\/i><\/div><div class=\"iconbox-content\"><h3>FACILE DA USARE<\/h3><p>\n<p style=\"text-align: center;\">Adatto ad\u00a0operatori non qualificati.<\/p>\n<\/p><\/div><\/div>[\/vc_column_inner][vc_column_inner width=&#8221;1\/3&#8243;]<div class=\"iconbox  wpb_content_element iconbox-style-4 icon-color-custom color-dark clearfix\"><div class=\"iconbox-icon\"><i class=\"fa fa-dot-circle-o boxicon\" style=\"\"><\/i><\/div><div class=\"iconbox-content\"><h3>OGGETTIVO<\/h3><p>\n<p style=\"text-align: center;\">Il risultato non\u00a0\u00e8 influenzato dall&#8217;operatore.<\/p>\n<\/p><\/div><\/div><div class=\"iconbox  wpb_content_element iconbox-style-4 icon-color-custom color-dark clearfix\"><div class=\"iconbox-icon\"><i class=\"fa fa-chain-broken boxicon\" style=\"\"><\/i><\/div><div class=\"iconbox-content\"><h3>SENZA CONTATTO<\/h3><p>\n<p style=\"text-align: center;\">La misura non viene influenzata dal contatto degli oggetti.<\/p>\n<\/p><\/div><\/div><div class=\"iconbox  wpb_content_element iconbox-style-4 icon-color-custom color-dark clearfix\"><div class=\"iconbox-icon\"><i class=\"fa fa-cogs boxicon\" style=\"\"><\/i><\/div><div class=\"iconbox-content\"><h3>INDUSTRIALE<\/h3><p>\n<p style=\"text-align: center;\">Robusto, adatto ad un uso intensivo in produzione .<\/p>\n<\/p><\/div><\/div>[\/vc_column_inner][vc_column_inner width=&#8221;1\/3&#8243;]<div class=\"iconbox  wpb_content_element iconbox-style-4 icon-color-custom color-dark clearfix\"><div class=\"iconbox-icon\"><i class=\"fa fa-file-archive-o boxicon\" style=\"\"><\/i><\/div><div class=\"iconbox-content\"><h3>COMPATTO<\/h3><p>Risparmia spazio.<\/p><\/div><\/div><div class=\"iconbox  wpb_content_element iconbox-style-4 icon-color-custom color-dark clearfix\"><div class=\"iconbox-icon\"><i class=\"fa fa-sliders boxicon\" style=\"\"><\/i><\/div><div class=\"iconbox-content\"><h3>ERGONOMICO<\/h3><p>\n<p style=\"text-align: center;\">Facile e veloce da usare per qualsiasi operatore non qualificato.<\/p>\n<\/p><\/div><\/div><div class=\"iconbox  wpb_content_element iconbox-style-4 icon-color-custom color-dark clearfix\"><div class=\"iconbox-icon\"><i class=\"fa fa-bolt boxicon\" style=\"\"><\/i><\/div><div class=\"iconbox-content\"><h3>VELOCE<\/h3><p>\n<p style=\"text-align: center;\">Risparmia tempo e denaro nelle operazioni di controllo e incrementa il tasso di controllo qualit\u00e0.<\/p>\n<\/p><\/div><\/div>[\/vc_column_inner][\/vc_row_inner]<div class=\"spacer\" style=\"height: 25px;\"><\/div>[\/vc_column][\/vc_row][vc_row][vc_column bg_image=&#8221;2729&#8243; width=&#8221;1\/1&#8243;]<div class=\"spacer\" style=\"height: 240px;\"><\/div>[\/vc_column][\/vc_row][vc_row][vc_column text_align=&#8221;center&#8221; width=&#8221;1\/1&#8243;]<div class=\"spacer\" style=\"height: 25px;\"><\/div><h1 class=\"headline font-inherit fontsize-xxxl fontweight-300 lh-inherit align-center transform-inherit \" style=\"margin: 0 0 20px 0; color: #777777;\">R&amp;D<\/h1><h1 class=\"headline font-inherit fontsize-l fontweight-300 lh-inherit align-center transform-inherit \" style=\"margin: 0 0 20px 0; color: #777777;\">SmartVision \u00e8 un&#8217;azienda innovativa nella progettazione, implementazione, integrazione di strumenti e macchine di visione per l&#8217;automazione industriale<\/h1><div class=\"spacer\" style=\"height: 20px;\"><\/div>[\/vc_column][\/vc_row][vc_row top_padding=&#8221;20&#8243; bottom_padding=&#8221;40&#8243;][vc_column width=&#8221;1\/3&#8243;]<h1 class=\"headline font-inherit fontsize-s fontweight-300 lh-inherit align-left transform-inherit \" style=\"margin: 0 0 20px 0; color: #777777;\">I nostri strumenti e sistemi di visione sono completi, possono essere integrati in linee di produzione per sistemi che includono i controlli di prodotto ed effettuano misurazioni dimensionali e di superficie. <\/h1>[\/vc_column][vc_column width=&#8221;1\/3&#8243;]<h1 class=\"headline font-inherit fontsize-s fontweight-300 lh-inherit align-left transform-inherit \" style=\"margin: 0 0 20px 0; color: #777777;\">Lo sviluppo ha inizio dalle necessit\u00e0 del cliente da cui segue un&#8217;accurata analisi. Con uno specifico processo di ricerca e sviluppo, realizziamo la soluzione e sviluppiamo il progetto assieme al cliente fino alla concretizzazione della macchina o dell&#8217;impianto finale. <\/h1>[\/vc_column][vc_column width=&#8221;1\/3&#8243;]<h1 class=\"headline font-inherit fontsize-s fontweight-300 lh-inherit align-left transform-inherit \" style=\"margin: 0 0 20px 0; color: #777777;\">In particolare, progettiamo e realizziamo software e hardware che corrispondono a specifici requisiti dei nostri clienti.<\/h1>[\/vc_column][\/vc_row][vc_row bg_color=&#8221;#f4f4f4&#8243;][vc_column text_align=&#8221;center&#8221; width=&#8221;1\/1&#8243;]<div class=\"spacer\" style=\"height: 25px;\"><\/div><h1 class=\"headline font-inherit fontsize-xxxl fontweight-300 lh-inherit align-center transform-inherit \" style=\"margin: 0 0 20px 0; color: #777777;\">Soluzioni<\/h1><h1 class=\"headline font-inherit fontsize-l fontweight-300 lh-inherit align-center transform-inherit \" style=\"margin: 0 0 20px 0; color: #777777;\">Soluzioni su misura<\/h1><div class=\"spacer\" style=\"height: 20px;\"><\/div>[\/vc_column][\/vc_row][vc_row bg_color=&#8221;#f4f4f4&#8243; top_padding=&#8221;0&#8243; bottom_padding=&#8221;40&#8243;][vc_column width=&#8221;1\/3&#8243;]<h1 class=\"headline font-inherit fontsize-s fontweight-300 lh-inherit align-left transform-inherit \" style=\"margin: 0 0 20px 0; color: #777777;\">SmartVision progetta e produce ogni strumento autonomamente. Grazie a questo, siamo in grado di personalizzare i sistemi esistenti cos\u00ec come di creare nuovi strumenti custom in grado di adattarsi perfettamente a specifiche richieste. <\/h1>[\/vc_column][vc_column width=&#8221;1\/3&#8243;]<h1 class=\"headline font-inherit fontsize-s fontweight-300 lh-inherit align-left transform-inherit \" style=\"margin: 0 0 20px 0; color: #777777;\">Per i sistemi di visione su misura, abbiamo sviluppato una metodologia di analisi ed implementazione per garantire il raggiungimento dei risultati attesi dal cliente. <\/h1>[\/vc_column][vc_column width=&#8221;1\/3&#8243;]<h1 class=\"headline font-inherit fontsize-s fontweight-300 lh-inherit align-left transform-inherit \" style=\"margin: 0 0 20px 0; color: #777777;\">SmartVision \u00e8 dotata di un Laboratorio Industriale, in grado di effettuare Test di Fattibilit\u00e0 su applicazioni fuori standard simulando un reale contesto industriale.<br \/>\n<\/h1>[\/vc_column][\/vc_row][vc_row row_id=&#8221;no_wpb_wrapper&#8221;][vc_column bg_color=&#8221;#1bb0c4&#8243; bg_image=&#8221;1344&#8243; column_padding=&#8221;padding-5&#8243; column_center=&#8221;true&#8221; text_color=&#8221;light&#8221; width=&#8221;1\/2&#8243;][\/vc_column][vc_column bg_color=&#8221;#222222&#8243; column_padding=&#8221;padding-5&#8243; text_color=&#8221;light&#8221; width=&#8221;1\/2&#8243;]<h1 class=\"headline font-inherit fontsize-xxxl fontweight-300 lh-inherit align-center transform-inherit \" style=\"margin: 0 0 20px 0; color: #ffffff;\">Tecnologie di Prodotto<\/h1><h1 class=\"headline font-inherit fontsize-s fontweight-300 lh-inherit align-left transform-inherit \" style=\"margin: 20px 0 20px 0; color: #ffffff;\">I nostri sistemi sono costituiti da diverse componenti:<\/p>\n<p>\u2022 telecamera e ottica<br \/>\n\u2022 illuminatore<br \/>\n\u2022 oggetto che deve essere visualizzato<br \/>\n\u2022 sistema di acquisizione delle immagini ed elaborazione delle stesse<br \/>\n\u2022 interfaccia uomo macchina<br \/>\n\u2022 interfaccia con l&#8217;ambiente esterno <\/h1>[\/vc_column][\/vc_row][vc_row row_id=&#8221;no_wpb_wrapper&#8221;][vc_column bg_color=&#8221;#1db4d6&#8243; column_padding=&#8221;padding-5&#8243; text_color=&#8221;light&#8221; width=&#8221;1\/2&#8243;]<h1 class=\"headline font-inherit fontsize-xxxl fontweight-300 lh-inherit align-center transform-inherit \" style=\"margin: 0 0 20px 0; color: #ffffff;\">Qualit\u00e0<\/h1><h1 class=\"headline font-inherit fontsize-s fontweight-300 lh-inherit align-left transform-inherit \" style=\"margin: 20px 0 20px 0; color: #ffffff;\">SmartVision segue standard qualitativi molto elevati in termini di progettazione di prodotti, sviluppo e produzione.<\/p>\n<p>Tutte le componenti sono progettate per uso industriale 7\/24 e applicazioni critiche, simulando il duro lavoro degli ambienti di produzione, una serie di benefici fondamentali all\u2019utilizzatore finale:<\/p>\n<p>&#8211; Aumento della frequenza dei controlli<br \/>\n&#8211; Controllo qualit\u00e0 in tempo reale, direttamente in linea di produzione<br \/>\n&#8211; Misure accurate, ripetibili e oggettive<br \/>\n&#8211; Miglioramento dell&#8217;efficienza generale delle operazioni di controllo qualit\u00e0<\/h1>[\/vc_column][vc_column bg_color=&#8221;#222222&#8243; bg_image=&#8221;8931&#8243; column_padding=&#8221;padding-5&#8243; column_center=&#8221;true&#8221; text_color=&#8221;light&#8221; width=&#8221;1\/2&#8243;][\/vc_column][\/vc_row][vc_row][vc_column width=&#8221;1\/1&#8243;]<div class=\"spacer\" style=\"height: 40px;\"><\/div>[\/vc_column][\/vc_row]<\/p>\n<\/div>","protected":false},"excerpt":{"rendered":"<p>[vc_row][vc_column column_padding=&#8221;padding-4&#8243; text_align=&#8221;center&#8221; width=&#8221;1\/1&#8243;][\/vc_column][\/vc_row][vc_row bg_color=&#8221;#4c4c4c&#8221; top_padding=&#8221;0&#8243; bottom_padding=&#8221;0&#8243;][vc_column bg_image=&#8221;8924&#8243; column_center=&#8221;true&#8221; width=&#8221;1\/3&#8243;][\/vc_column][vc_column text_color=&#8221;light&#8221; width=&#8221;1\/3&#8243;][\/vc_column][vc_column bg_image=&#8221;8903&#8243; width=&#8221;1\/3&#8243;][\/vc_column][\/vc_row][vc_row bg_color=&#8221;#f4f4f4&#8243; top_padding=&#8221;0&#8243; bottom_padding=&#8221;0&#8243;][vc_column width=&#8221;1\/1&#8243;][vc_row_inner][vc_column_inner width=&#8221;1\/3&#8243;][\/vc_column_inner][vc_column_inner width=&#8221;1\/3&#8243;][\/vc_column_inner][vc_column_inner width=&#8221;1\/3&#8243;][\/vc_column_inner][\/vc_row_inner][\/vc_column][\/vc_row][vc_row][vc_column bg_image=&#8221;2729&#8243; width=&#8221;1\/1&#8243;][\/vc_column][\/vc_row][vc_row][vc_column text_align=&#8221;center&#8221; width=&#8221;1\/1&#8243;][\/vc_column][\/vc_row][vc_row top_padding=&#8221;20&#8243; bottom_padding=&#8221;40&#8243;][vc_column width=&#8221;1\/3&#8243;][\/vc_column][vc_column width=&#8221;1\/3&#8243;][\/vc_column][vc_column width=&#8221;1\/3&#8243;][\/vc_column][\/vc_row][vc_row bg_color=&#8221;#f4f4f4&#8243;][vc_column text_align=&#8221;center&#8221; width=&#8221;1\/1&#8243;][\/vc_column][\/vc_row][vc_row bg_color=&#8221;#f4f4f4&#8243; top_padding=&#8221;0&#8243; bottom_padding=&#8221;40&#8243;][vc_column width=&#8221;1\/3&#8243;][\/vc_column][vc_column width=&#8221;1\/3&#8243;][\/vc_column][vc_column width=&#8221;1\/3&#8243;][\/vc_column][\/vc_row][vc_row row_id=&#8221;no_wpb_wrapper&#8221;][vc_column bg_color=&#8221;#1bb0c4&#8243; bg_image=&#8221;1344&#8243; column_padding=&#8221;padding-5&#8243; column_center=&#8221;true&#8221; text_color=&#8221;light&#8221; width=&#8221;1\/2&#8243;][\/vc_column][vc_column bg_color=&#8221;#222222&#8243; column_padding=&#8221;padding-5&#8243; text_color=&#8221;light&#8221; width=&#8221;1\/2&#8243;][\/vc_column][\/vc_row][vc_row row_id=&#8221;no_wpb_wrapper&#8221;][vc_column bg_color=&#8221;#1db4d6&#8243; column_padding=&#8221;padding-5&#8243; text_color=&#8221;light&#8221; width=&#8221;1\/2&#8243;][\/vc_column][vc_column bg_color=&#8221;#222222&#8243; bg_image=&#8221;8931&#8243; column_padding=&#8221;padding-5&#8243; column_center=&#8221;true&#8221; text_color=&#8221;light&#8221; width=&#8221;1\/2&#8243;][\/vc_column][\/vc_row][vc_row][vc_column width=&#8221;1\/1&#8243;][\/vc_column][\/vc_row]<\/p>\n","protected":false},"author":3,"featured_media":0,"parent":0,"menu_order":0,"comment_status":"closed","ping_status":"closed","template":"","meta":{"footnotes":""},"class_list":["post-2525","page","type-page","status-publish","hentry"],"yoast_head":"<!-- This site is optimized with the Yoast SEO plugin v25.6 - https:\/\/yoast.com\/wordpress\/plugins\/seo\/ -->\n<title>Tecnologia | SmartVision<\/title>\n<meta name=\"description\" content=\"SmartVision \u00e8 un\u2019azienda innovativa nella progettazione, implementazione, integrazione di strumenti e macchine di visione per l\u2019automazione industriale.\" \/>\n<meta name=\"robots\" content=\"index, follow, max-snippet:-1, max-image-preview:large, max-video-preview:-1\" \/>\n<link rel=\"canonical\" href=\"https:\/\/www.smartvision.it\/it\/tecnologia\/\" \/>\n<meta property=\"og:locale\" content=\"it_IT\" \/>\n<meta property=\"og:type\" content=\"article\" \/>\n<meta property=\"og:title\" content=\"Tecnologia | SmartVision\" \/>\n<meta property=\"og:description\" content=\"SmartVision \u00e8 un\u2019azienda innovativa nella progettazione, implementazione, integrazione di strumenti e macchine di visione per l\u2019automazione industriale.\" \/>\n<meta property=\"og:url\" content=\"https:\/\/www.smartvision.it\/it\/tecnologia\/\" \/>\n<meta property=\"og:site_name\" content=\"SmartVision\" \/>\n<meta property=\"article:modified_time\" content=\"2022-09-09T09:33:03+00:00\" \/>\n<meta name=\"twitter:card\" content=\"summary_large_image\" \/>\n<meta name=\"twitter:label1\" content=\"Tempo di lettura stimato\" \/>\n\t<meta name=\"twitter:data1\" content=\"3 minuti\" \/>\n<script type=\"application\/ld+json\" class=\"yoast-schema-graph\">{\"@context\":\"https:\/\/schema.org\",\"@graph\":[{\"@type\":[\"WebPage\",\"AboutPage\"],\"@id\":\"https:\/\/www.smartvision.it\/it\/tecnologia\/\",\"url\":\"https:\/\/www.smartvision.it\/it\/tecnologia\/\",\"name\":\"Tecnologia | SmartVision\",\"isPartOf\":{\"@id\":\"https:\/\/www.smartvision.it\/zh-hans\/#website\"},\"datePublished\":\"2016-07-21T14:53:45+00:00\",\"dateModified\":\"2022-09-09T09:33:03+00:00\",\"description\":\"SmartVision \u00e8 un\u2019azienda innovativa nella progettazione, implementazione, integrazione di strumenti e macchine di visione per l\u2019automazione industriale.\",\"breadcrumb\":{\"@id\":\"https:\/\/www.smartvision.it\/it\/tecnologia\/#breadcrumb\"},\"inLanguage\":\"it-IT\",\"potentialAction\":[{\"@type\":\"ReadAction\",\"target\":[\"https:\/\/www.smartvision.it\/it\/tecnologia\/\"]}]},{\"@type\":\"BreadcrumbList\",\"@id\":\"https:\/\/www.smartvision.it\/it\/tecnologia\/#breadcrumb\",\"itemListElement\":[{\"@type\":\"ListItem\",\"position\":1,\"name\":\"Home\",\"item\":\"https:\/\/www.smartvision.it\/it\/\"},{\"@type\":\"ListItem\",\"position\":2,\"name\":\"Tecnologia\"}]},{\"@type\":\"WebSite\",\"@id\":\"https:\/\/www.smartvision.it\/zh-hans\/#website\",\"url\":\"https:\/\/www.smartvision.it\/zh-hans\/\",\"name\":\"SmartVision\",\"description\":\"In Line Quality\",\"publisher\":{\"@id\":\"https:\/\/www.smartvision.it\/zh-hans\/#organization\"},\"potentialAction\":[{\"@type\":\"SearchAction\",\"target\":{\"@type\":\"EntryPoint\",\"urlTemplate\":\"https:\/\/www.smartvision.it\/zh-hans\/?s={search_term_string}\"},\"query-input\":{\"@type\":\"PropertyValueSpecification\",\"valueRequired\":true,\"valueName\":\"search_term_string\"}}],\"inLanguage\":\"it-IT\"},{\"@type\":\"Organization\",\"@id\":\"https:\/\/www.smartvision.it\/zh-hans\/#organization\",\"name\":\"SmartVision S.r.l.\",\"url\":\"https:\/\/www.smartvision.it\/zh-hans\/\",\"logo\":{\"@type\":\"ImageObject\",\"inLanguage\":\"it-IT\",\"@id\":\"https:\/\/www.smartvision.it\/zh-hans\/#\/schema\/logo\/image\/\",\"url\":\"https:\/\/www.smartvision.it\/wp-content\/uploads\/2016\/06\/smartvision-logo-70-70.png\",\"contentUrl\":\"https:\/\/www.smartvision.it\/wp-content\/uploads\/2016\/06\/smartvision-logo-70-70.png\",\"width\":70,\"height\":70,\"caption\":\"SmartVision S.r.l.\"},\"image\":{\"@id\":\"https:\/\/www.smartvision.it\/zh-hans\/#\/schema\/logo\/image\/\"},\"sameAs\":[\"https:\/\/it.linkedin.com\/company\/smartvision---qualit-in-linea\",\"https:\/\/www.youtube.com\/user\/SmartVisionILQ\"]}]}<\/script>\n<!-- \/ Yoast SEO plugin. -->","yoast_head_json":{"title":"Tecnologia | SmartVision","description":"SmartVision \u00e8 un\u2019azienda innovativa nella progettazione, implementazione, integrazione di strumenti e macchine di visione per l\u2019automazione industriale.","robots":{"index":"index","follow":"follow","max-snippet":"max-snippet:-1","max-image-preview":"max-image-preview:large","max-video-preview":"max-video-preview:-1"},"canonical":"https:\/\/www.smartvision.it\/it\/tecnologia\/","og_locale":"it_IT","og_type":"article","og_title":"Tecnologia | SmartVision","og_description":"SmartVision \u00e8 un\u2019azienda innovativa nella progettazione, implementazione, integrazione di strumenti e macchine di visione per l\u2019automazione industriale.","og_url":"https:\/\/www.smartvision.it\/it\/tecnologia\/","og_site_name":"SmartVision","article_modified_time":"2022-09-09T09:33:03+00:00","twitter_card":"summary_large_image","twitter_misc":{"Tempo di lettura stimato":"3 minuti"},"schema":{"@context":"https:\/\/schema.org","@graph":[{"@type":["WebPage","AboutPage"],"@id":"https:\/\/www.smartvision.it\/it\/tecnologia\/","url":"https:\/\/www.smartvision.it\/it\/tecnologia\/","name":"Tecnologia | SmartVision","isPartOf":{"@id":"https:\/\/www.smartvision.it\/zh-hans\/#website"},"datePublished":"2016-07-21T14:53:45+00:00","dateModified":"2022-09-09T09:33:03+00:00","description":"SmartVision \u00e8 un\u2019azienda innovativa nella progettazione, implementazione, integrazione di strumenti e macchine di visione per l\u2019automazione industriale.","breadcrumb":{"@id":"https:\/\/www.smartvision.it\/it\/tecnologia\/#breadcrumb"},"inLanguage":"it-IT","potentialAction":[{"@type":"ReadAction","target":["https:\/\/www.smartvision.it\/it\/tecnologia\/"]}]},{"@type":"BreadcrumbList","@id":"https:\/\/www.smartvision.it\/it\/tecnologia\/#breadcrumb","itemListElement":[{"@type":"ListItem","position":1,"name":"Home","item":"https:\/\/www.smartvision.it\/it\/"},{"@type":"ListItem","position":2,"name":"Tecnologia"}]},{"@type":"WebSite","@id":"https:\/\/www.smartvision.it\/zh-hans\/#website","url":"https:\/\/www.smartvision.it\/zh-hans\/","name":"SmartVision","description":"In Line Quality","publisher":{"@id":"https:\/\/www.smartvision.it\/zh-hans\/#organization"},"potentialAction":[{"@type":"SearchAction","target":{"@type":"EntryPoint","urlTemplate":"https:\/\/www.smartvision.it\/zh-hans\/?s={search_term_string}"},"query-input":{"@type":"PropertyValueSpecification","valueRequired":true,"valueName":"search_term_string"}}],"inLanguage":"it-IT"},{"@type":"Organization","@id":"https:\/\/www.smartvision.it\/zh-hans\/#organization","name":"SmartVision S.r.l.","url":"https:\/\/www.smartvision.it\/zh-hans\/","logo":{"@type":"ImageObject","inLanguage":"it-IT","@id":"https:\/\/www.smartvision.it\/zh-hans\/#\/schema\/logo\/image\/","url":"https:\/\/www.smartvision.it\/wp-content\/uploads\/2016\/06\/smartvision-logo-70-70.png","contentUrl":"https:\/\/www.smartvision.it\/wp-content\/uploads\/2016\/06\/smartvision-logo-70-70.png","width":70,"height":70,"caption":"SmartVision S.r.l."},"image":{"@id":"https:\/\/www.smartvision.it\/zh-hans\/#\/schema\/logo\/image\/"},"sameAs":["https:\/\/it.linkedin.com\/company\/smartvision---qualit-in-linea","https:\/\/www.youtube.com\/user\/SmartVisionILQ"]}]}},"_links":{"self":[{"href":"https:\/\/www.smartvision.it\/it\/wp-json\/wp\/v2\/pages\/2525"}],"collection":[{"href":"https:\/\/www.smartvision.it\/it\/wp-json\/wp\/v2\/pages"}],"about":[{"href":"https:\/\/www.smartvision.it\/it\/wp-json\/wp\/v2\/types\/page"}],"author":[{"embeddable":true,"href":"https:\/\/www.smartvision.it\/it\/wp-json\/wp\/v2\/users\/3"}],"replies":[{"embeddable":true,"href":"https:\/\/www.smartvision.it\/it\/wp-json\/wp\/v2\/comments?post=2525"}],"version-history":[{"count":11,"href":"https:\/\/www.smartvision.it\/it\/wp-json\/wp\/v2\/pages\/2525\/revisions"}],"predecessor-version":[{"id":10243,"href":"https:\/\/www.smartvision.it\/it\/wp-json\/wp\/v2\/pages\/2525\/revisions\/10243"}],"wp:attachment":[{"href":"https:\/\/www.smartvision.it\/it\/wp-json\/wp\/v2\/media?parent=2525"}],"curies":[{"name":"wp","href":"https:\/\/api.w.org\/{rel}","templated":true}]}}