{"id":2518,"date":"2016-07-21T16:54:58","date_gmt":"2016-07-21T14:54:58","guid":{"rendered":"http:\/\/www.smartvision.it\/it\/faq-2\/"},"modified":"2024-03-20T12:16:50","modified_gmt":"2024-03-20T11:16:50","slug":"faqs","status":"publish","type":"page","link":"https:\/\/www.smartvision.it\/it\/faqs\/","title":{"rendered":"FAQs"},"content":{"rendered":"<div class=\"wpb-content-wrapper\"><p>[vc_row][vc_column width=&#8221;1\/1&#8243;]<div class=\"spacer\" style=\"height: 40px;\"><\/div>[\/vc_column][\/vc_row][vc_row][vc_column width=&#8221;1\/1&#8243;][vc_tta_accordion style=&#8221;modern&#8221; active_section=&#8221;1&#8243; title=&#8221;General FAQs&#8221;][vc_tta_section title=&#8221;Quali sono i maggiori benefici dati dall&#8217;uso di Smart_Projector?&#8221; tab_id=&#8221;1469114744665-1468320e-8c0f&#8221;][vc_column_text]Strumento robusto, Veloce e Facile da usare, Misure Automatiche in 2D, Produttivo (in linea di produzione), Alto Ritorno sull&#8217;Investimento,\u00a0Doppie Ottiche Telecentriche,\u00a0Telecamera Digitale Industriale\u00a010Mps, Report Automatici. SmartVision \u00e8 l&#8217;unica azienda nel mondo che fornisce anche una versione orizzontale\u00a0e ha una vasta gamma di\u00a0FoV senza parti in movimento.[\/vc_column_text][\/vc_tta_section][vc_tta_section title=&#8221;Quali sono i principali ambiti di applicazione?&#8221; tab_id=&#8221;1469114744712-d0f3f48b-aa46&#8243;][vc_column_text]Profilati, pressofusi,\u00a0elettronica, parti tornite, oggetti in gomma, molle,\u00a0bottiglie di vetro, oggetti in plastica. Le industrie principali sono: Farmaceutica, Medicale,\u00a0Industria dell&#8217;Automobile, Occhiali da Sole, Elettrodomestici, Meccanica ed Elettromeccanica.[\/vc_column_text][\/vc_tta_section][vc_tta_section title=&#8221;Per che tipo di industrie questi sistemi risultano ideali?&#8221; tab_id=&#8221;1469115213386-498b7577-a65f&#8221;][vc_column_text]Il target ideale \u00e8: piccole parti, alta qualit\u00e0, alta quantit\u00e0.[\/vc_column_text][\/vc_tta_section][vc_tta_section title=&#8221;Che tipo di applicazioni sono adatte nell&#8217;Industria Farmaceutica?&#8221; tab_id=&#8221;1469115417839-79f3b714-82e1&#8243;][vc_column_text]Imballaggio, stampi plastici per protesi medicali.[\/vc_column_text][\/vc_tta_section][vc_tta_section title=&#8221;In quali settori pu\u00f2 essere utilizzato Smart_Color oltre che nell&#8217;Industria dell&#8217;Occhialeria ?&#8221; tab_id=&#8221;1469115529078-9cc5c8c2-6f96&#8243;][vc_column_text]E&#8217; utilizzabile per il controllo di fanali posteriori delle auto, bottiglie in plastica, imballaggio plastico per l&#8217;industria farmaceutica, altre industrie dove \u00e8 presente una specifica normativa per il colore della plastica.[\/vc_column_text][\/vc_tta_section][\/vc_tta_accordion][vc_tta_accordion style=&#8221;modern&#8221; active_section=&#8221;1&#8243; title=&#8221;Technical FAQs&#8221;][vc_tta_section title=&#8221;Perch\u00e8 il PC \u00e8 esterno?&#8221; tab_id=&#8221;1469115972828-fc618f91-3f04&#8243;][vc_column_text]E&#8217; pi\u00f9 facile da sostituire in caso di danni.[\/vc_column_text][\/vc_tta_section][vc_tta_section title=&#8221;Il cliente pu\u00f2 utilizzare il proprio PC?&#8221; tab_id=&#8221;1469116190142-2da54db4-695a&#8221;][vc_column_text]No, il sistema deve essere considerato completo con il PC fornito. Tale PC deve essere utilizzato unicamente con e per il sistema SmartVision e non sono consentite modifiche di configurazione hardware o software.[\/vc_column_text][\/vc_tta_section][vc_tta_section title=&#8221;Accuratezza e FoV: I dati di accuratezza e ripetibilit\u00e0 si riferiscono solo al centro del FoV?&#8221; tab_id=&#8221;1469115972949-9e51efb0-b6ef&#8221;][vc_column_text]No, sono calcolate in riferimento all&#8217;intero FoV.[\/vc_column_text][\/vc_tta_section][vc_tta_section title=&#8221;Esiste un software per statistiche?&#8221; tab_id=&#8221;1469115973072-d18e4690-1b04&#8243;][vc_column_text]E&#8217; possibile trovare funzioni di statistica base gi\u00e0 nel software fornito, altrimenti \u00e8 possibile acquistare un modulo separato (QDAS Software Module) per gestire questo genere di attivit\u00e0.[\/vc_column_text][\/vc_tta_section][vc_tta_section title=&#8221;Lo Smart_Projector lavora con file CAD?&#8221; tab_id=&#8221;1469115973199-f0894979-0a0d&#8221;][vc_column_text]S\u00ec, \u00e8 possibile importare file dxf (CAD) per confronto con profilo digitale.[\/vc_column_text][\/vc_tta_section][vc_tta_section title=&#8221;Il software consente di effettuare report di profilazione?&#8221; tab_id=&#8221;1469115973330-4e4d4f8b-f55d&#8221;][vc_column_text]E&#8217; possibile esportare il file dxf (CAD) per engineering inverso.[\/vc_column_text][\/vc_tta_section][vc_tta_section title=&#8221;E&#8217; possibile misurare filetti? Di che tipo?&#8221; tab_id=&#8221;1469116469115-03fe9891-344e&#8221;][vc_column_text]S\u00ec, il software pu\u00f2 misurare filetti e qualsiasi altra caratteristica del profilo[\/vc_column_text][\/vc_tta_section][\/vc_tta_accordion][\/vc_column][\/vc_row][vc_row][vc_column width=&#8221;1\/1&#8243;]<div class=\"spacer\" style=\"height: 40px;\"><\/div>[\/vc_column][\/vc_row][vc_row][vc_column width=&#8221;1\/1&#8243;]<div class=\"headline font-inherit fontsize-inherit fontweight-inherit lh-inherit align-center transform-inherit \" style=\"margin: 0 0 20px 0;\">In questa sezione abbiamo inserito tutte le domande pi\u00f9 frequenti di tipo generale (FAQs), se non trovate ci\u00f2 che state cercando oppure desiderate ricevere ulteriori informazioni sulle applicazioni, <strong><a href=\"https:\/\/www.smartvision.it\/it\/contatti\/\">contattateci<\/a><\/strong>. <\/div>[\/vc_column][\/vc_row]<\/p>\n<\/div>","protected":false},"excerpt":{"rendered":"<p>[vc_row][vc_column width=&#8221;1\/1&#8243;][\/vc_column][\/vc_row][vc_row][vc_column width=&#8221;1\/1&#8243;][vc_tta_accordion style=&#8221;modern&#8221; active_section=&#8221;1&#8243; title=&#8221;General FAQs&#8221;][vc_tta_section title=&#8221;Quali sono i maggiori benefici dati dall&#8217;uso di Smart_Projector?&#8221; tab_id=&#8221;1469114744665-1468320e-8c0f&#8221;][vc_column_text]Strumento robusto, Veloce e Facile da usare, Misure Automatiche in 2D, Produttivo (in linea di produzione), Alto Ritorno sull&#8217;Investimento,\u00a0Doppie Ottiche Telecentriche,\u00a0Telecamera Digitale Industriale\u00a010Mps, Report Automatici. SmartVision \u00e8 l&#8217;unica azienda nel mondo che fornisce anche una versione orizzontale\u00a0e ha una vasta gamma di\u00a0FoV senza parti in movimento.[\/vc_column_text][\/vc_tta_section][vc_tta_section title=&#8221;Quali sono i principali ambiti di applicazione?&#8221; tab_id=&#8221;1469114744712-d0f3f48b-aa46&#8243;][vc_column_text]Profilati, pressofusi,\u00a0elettronica, parti tornite, oggetti in gomma, molle,\u00a0bottiglie di vetro, oggetti in plastica. Le industrie principali sono: Farmaceutica, Medicale,\u00a0Industria dell&#8217;Automobile, Occhiali da Sole, Elettrodomestici, Meccanica ed Elettromeccanica.[\/vc_column_text][\/vc_tta_section][vc_tta_section title=&#8221;Per che tipo di industrie questi sistemi risultano ideali?&#8221; tab_id=&#8221;1469115213386-498b7577-a65f&#8221;][vc_column_text]Il target ideale \u00e8: piccole parti, alta qualit\u00e0, alta quantit\u00e0.[\/vc_column_text][\/vc_tta_section][vc_tta_section title=&#8221;Che tipo di applicazioni sono adatte nell&#8217;Industria Farmaceutica?&#8221; tab_id=&#8221;1469115417839-79f3b714-82e1&#8243;][vc_column_text]Imballaggio, stampi plastici per protesi medicali.[\/vc_column_text][\/vc_tta_section][vc_tta_section title=&#8221;In quali settori pu\u00f2 essere utilizzato Smart_Color oltre che nell&#8217;Industria dell&#8217;Occhialeria ?&#8221; tab_id=&#8221;1469115529078-9cc5c8c2-6f96&#8243;][vc_column_text]E&#8217; utilizzabile per il controllo di fanali posteriori delle auto, bottiglie in plastica, imballaggio plastico per l&#8217;industria farmaceutica, altre industrie dove \u00e8 presente una specifica normativa per il colore della plastica.[\/vc_column_text][\/vc_tta_section][\/vc_tta_accordion][vc_tta_accordion style=&#8221;modern&#8221; active_section=&#8221;1&#8243; title=&#8221;Technical FAQs&#8221;][vc_tta_section title=&#8221;Perch\u00e8 il PC \u00e8 esterno?&#8221; tab_id=&#8221;1469115972828-fc618f91-3f04&#8243;][vc_column_text]E&#8217; pi\u00f9 facile da sostituire in caso di danni.[\/vc_column_text][\/vc_tta_section][vc_tta_section title=&#8221;Il cliente pu\u00f2 utilizzare il proprio PC?&#8221; tab_id=&#8221;1469116190142-2da54db4-695a&#8221;][vc_column_text]No, il sistema [&hellip;]<\/p>\n","protected":false},"author":3,"featured_media":0,"parent":0,"menu_order":0,"comment_status":"closed","ping_status":"closed","template":"","meta":{"footnotes":""},"class_list":["post-2518","page","type-page","status-publish","hentry"],"yoast_head":"<!-- This site is optimized with the Yoast SEO plugin v25.6 - https:\/\/yoast.com\/wordpress\/plugins\/seo\/ -->\n<title>FAQs | SmartVision<\/title>\n<meta name=\"robots\" content=\"index, follow, max-snippet:-1, max-image-preview:large, max-video-preview:-1\" \/>\n<link rel=\"canonical\" href=\"https:\/\/www.smartvision.it\/faq-2\/\" \/>\n<meta property=\"og:locale\" content=\"it_IT\" \/>\n<meta property=\"og:type\" content=\"article\" \/>\n<meta property=\"og:title\" content=\"FAQs | SmartVision\" \/>\n<meta property=\"og:description\" content=\"[vc_row][vc_column width=&#8221;1\/1&#8243;][\/vc_column][\/vc_row][vc_row][vc_column width=&#8221;1\/1&#8243;][vc_tta_accordion style=&#8221;modern&#8221; active_section=&#8221;1&#8243; title=&#8221;General FAQs&#8221;][vc_tta_section title=&#8221;Quali sono i maggiori benefici dati dall&#8217;uso di Smart_Projector?&#8221; tab_id=&#8221;1469114744665-1468320e-8c0f&#8221;][vc_column_text]Strumento robusto, Veloce e Facile da usare, Misure Automatiche in 2D, Produttivo (in linea di produzione), Alto Ritorno sull&#8217;Investimento,\u00a0Doppie Ottiche Telecentriche,\u00a0Telecamera Digitale Industriale\u00a010Mps, Report Automatici. SmartVision \u00e8 l&#8217;unica azienda nel mondo che fornisce anche una versione orizzontale\u00a0e ha una vasta gamma di\u00a0FoV senza parti in movimento.[\/vc_column_text][\/vc_tta_section][vc_tta_section title=&#8221;Quali sono i principali ambiti di applicazione?&#8221; tab_id=&#8221;1469114744712-d0f3f48b-aa46&#8243;][vc_column_text]Profilati, pressofusi,\u00a0elettronica, parti tornite, oggetti in gomma, molle,\u00a0bottiglie di vetro, oggetti in plastica. Le industrie principali sono: Farmaceutica, Medicale,\u00a0Industria dell&#8217;Automobile, Occhiali da Sole, Elettrodomestici, Meccanica ed Elettromeccanica.[\/vc_column_text][\/vc_tta_section][vc_tta_section title=&#8221;Per che tipo di industrie questi sistemi risultano ideali?&#8221; tab_id=&#8221;1469115213386-498b7577-a65f&#8221;][vc_column_text]Il target ideale \u00e8: piccole parti, alta qualit\u00e0, alta quantit\u00e0.[\/vc_column_text][\/vc_tta_section][vc_tta_section title=&#8221;Che tipo di applicazioni sono adatte nell&#8217;Industria Farmaceutica?&#8221; tab_id=&#8221;1469115417839-79f3b714-82e1&#8243;][vc_column_text]Imballaggio, stampi plastici per protesi medicali.[\/vc_column_text][\/vc_tta_section][vc_tta_section title=&#8221;In quali settori pu\u00f2 essere utilizzato Smart_Color oltre che nell&#8217;Industria dell&#8217;Occhialeria ?&#8221; tab_id=&#8221;1469115529078-9cc5c8c2-6f96&#8243;][vc_column_text]E&#8217; utilizzabile per il controllo di fanali posteriori delle auto, bottiglie in plastica, imballaggio plastico per l&#8217;industria farmaceutica, altre industrie dove \u00e8 presente una specifica normativa per il colore della plastica.[\/vc_column_text][\/vc_tta_section][\/vc_tta_accordion][vc_tta_accordion style=&#8221;modern&#8221; active_section=&#8221;1&#8243; title=&#8221;Technical FAQs&#8221;][vc_tta_section title=&#8221;Perch\u00e8 il PC \u00e8 esterno?&#8221; tab_id=&#8221;1469115972828-fc618f91-3f04&#8243;][vc_column_text]E&#8217; pi\u00f9 facile da sostituire in caso di danni.[\/vc_column_text][\/vc_tta_section][vc_tta_section title=&#8221;Il cliente pu\u00f2 utilizzare il proprio PC?&#8221; tab_id=&#8221;1469116190142-2da54db4-695a&#8221;][vc_column_text]No, il sistema [&hellip;]\" \/>\n<meta property=\"og:url\" content=\"https:\/\/www.smartvision.it\/faq-2\/\" \/>\n<meta property=\"og:site_name\" content=\"SmartVision\" \/>\n<meta property=\"article:modified_time\" content=\"2024-03-20T11:16:50+00:00\" \/>\n<meta name=\"twitter:card\" content=\"summary_large_image\" \/>\n<meta name=\"twitter:label1\" content=\"Tempo di lettura stimato\" \/>\n\t<meta name=\"twitter:data1\" content=\"3 minuti\" \/>\n<script type=\"application\/ld+json\" class=\"yoast-schema-graph\">{\"@context\":\"https:\/\/schema.org\",\"@graph\":[{\"@type\":[\"WebPage\",\"FAQPage\"],\"@id\":\"https:\/\/www.smartvision.it\/faq-2\/\",\"url\":\"https:\/\/www.smartvision.it\/faq-2\/\",\"name\":\"FAQs | SmartVision\",\"isPartOf\":{\"@id\":\"https:\/\/www.smartvision.it\/zh-hans\/#website\"},\"datePublished\":\"2016-07-21T14:54:58+00:00\",\"dateModified\":\"2024-03-20T11:16:50+00:00\",\"breadcrumb\":{\"@id\":\"https:\/\/www.smartvision.it\/faq-2\/#breadcrumb\"},\"inLanguage\":\"it-IT\",\"potentialAction\":[{\"@type\":\"ReadAction\",\"target\":[\"https:\/\/www.smartvision.it\/faq-2\/\"]}]},{\"@type\":\"BreadcrumbList\",\"@id\":\"https:\/\/www.smartvision.it\/faq-2\/#breadcrumb\",\"itemListElement\":[{\"@type\":\"ListItem\",\"position\":1,\"name\":\"Home\",\"item\":\"https:\/\/www.smartvision.it\/it\/\"},{\"@type\":\"ListItem\",\"position\":2,\"name\":\"FAQs\"}]},{\"@type\":\"WebSite\",\"@id\":\"https:\/\/www.smartvision.it\/zh-hans\/#website\",\"url\":\"https:\/\/www.smartvision.it\/zh-hans\/\",\"name\":\"SmartVision\",\"description\":\"In Line Quality\",\"publisher\":{\"@id\":\"https:\/\/www.smartvision.it\/zh-hans\/#organization\"},\"potentialAction\":[{\"@type\":\"SearchAction\",\"target\":{\"@type\":\"EntryPoint\",\"urlTemplate\":\"https:\/\/www.smartvision.it\/zh-hans\/?s={search_term_string}\"},\"query-input\":{\"@type\":\"PropertyValueSpecification\",\"valueRequired\":true,\"valueName\":\"search_term_string\"}}],\"inLanguage\":\"it-IT\"},{\"@type\":\"Organization\",\"@id\":\"https:\/\/www.smartvision.it\/zh-hans\/#organization\",\"name\":\"SmartVision S.r.l.\",\"url\":\"https:\/\/www.smartvision.it\/zh-hans\/\",\"logo\":{\"@type\":\"ImageObject\",\"inLanguage\":\"it-IT\",\"@id\":\"https:\/\/www.smartvision.it\/zh-hans\/#\/schema\/logo\/image\/\",\"url\":\"https:\/\/www.smartvision.it\/wp-content\/uploads\/2016\/06\/smartvision-logo-70-70.png\",\"contentUrl\":\"https:\/\/www.smartvision.it\/wp-content\/uploads\/2016\/06\/smartvision-logo-70-70.png\",\"width\":70,\"height\":70,\"caption\":\"SmartVision S.r.l.\"},\"image\":{\"@id\":\"https:\/\/www.smartvision.it\/zh-hans\/#\/schema\/logo\/image\/\"},\"sameAs\":[\"https:\/\/it.linkedin.com\/company\/smartvision---qualit-in-linea\",\"https:\/\/www.youtube.com\/user\/SmartVisionILQ\"]}]}<\/script>\n<!-- \/ Yoast SEO plugin. -->","yoast_head_json":{"title":"FAQs | SmartVision","robots":{"index":"index","follow":"follow","max-snippet":"max-snippet:-1","max-image-preview":"max-image-preview:large","max-video-preview":"max-video-preview:-1"},"canonical":"https:\/\/www.smartvision.it\/faq-2\/","og_locale":"it_IT","og_type":"article","og_title":"FAQs | SmartVision","og_description":"[vc_row][vc_column width=&#8221;1\/1&#8243;][\/vc_column][\/vc_row][vc_row][vc_column width=&#8221;1\/1&#8243;][vc_tta_accordion style=&#8221;modern&#8221; active_section=&#8221;1&#8243; title=&#8221;General FAQs&#8221;][vc_tta_section title=&#8221;Quali sono i maggiori benefici dati dall&#8217;uso di Smart_Projector?&#8221; tab_id=&#8221;1469114744665-1468320e-8c0f&#8221;][vc_column_text]Strumento robusto, Veloce e Facile da usare, Misure Automatiche in 2D, Produttivo (in linea di produzione), Alto Ritorno sull&#8217;Investimento,\u00a0Doppie Ottiche Telecentriche,\u00a0Telecamera Digitale Industriale\u00a010Mps, Report Automatici. SmartVision \u00e8 l&#8217;unica azienda nel mondo che fornisce anche una versione orizzontale\u00a0e ha una vasta gamma di\u00a0FoV senza parti in movimento.[\/vc_column_text][\/vc_tta_section][vc_tta_section title=&#8221;Quali sono i principali ambiti di applicazione?&#8221; tab_id=&#8221;1469114744712-d0f3f48b-aa46&#8243;][vc_column_text]Profilati, pressofusi,\u00a0elettronica, parti tornite, oggetti in gomma, molle,\u00a0bottiglie di vetro, oggetti in plastica. Le industrie principali sono: Farmaceutica, Medicale,\u00a0Industria dell&#8217;Automobile, Occhiali da Sole, Elettrodomestici, Meccanica ed Elettromeccanica.[\/vc_column_text][\/vc_tta_section][vc_tta_section title=&#8221;Per che tipo di industrie questi sistemi risultano ideali?&#8221; tab_id=&#8221;1469115213386-498b7577-a65f&#8221;][vc_column_text]Il target ideale \u00e8: piccole parti, alta qualit\u00e0, alta quantit\u00e0.[\/vc_column_text][\/vc_tta_section][vc_tta_section title=&#8221;Che tipo di applicazioni sono adatte nell&#8217;Industria Farmaceutica?&#8221; tab_id=&#8221;1469115417839-79f3b714-82e1&#8243;][vc_column_text]Imballaggio, stampi plastici per protesi medicali.[\/vc_column_text][\/vc_tta_section][vc_tta_section title=&#8221;In quali settori pu\u00f2 essere utilizzato Smart_Color oltre che nell&#8217;Industria dell&#8217;Occhialeria ?&#8221; tab_id=&#8221;1469115529078-9cc5c8c2-6f96&#8243;][vc_column_text]E&#8217; utilizzabile per il controllo di fanali posteriori delle auto, bottiglie in plastica, imballaggio plastico per l&#8217;industria farmaceutica, altre industrie dove \u00e8 presente una specifica normativa per il colore della plastica.[\/vc_column_text][\/vc_tta_section][\/vc_tta_accordion][vc_tta_accordion style=&#8221;modern&#8221; active_section=&#8221;1&#8243; title=&#8221;Technical FAQs&#8221;][vc_tta_section title=&#8221;Perch\u00e8 il PC \u00e8 esterno?&#8221; tab_id=&#8221;1469115972828-fc618f91-3f04&#8243;][vc_column_text]E&#8217; pi\u00f9 facile da sostituire in caso di danni.[\/vc_column_text][\/vc_tta_section][vc_tta_section title=&#8221;Il cliente pu\u00f2 utilizzare il proprio PC?&#8221; tab_id=&#8221;1469116190142-2da54db4-695a&#8221;][vc_column_text]No, il sistema [&hellip;]","og_url":"https:\/\/www.smartvision.it\/faq-2\/","og_site_name":"SmartVision","article_modified_time":"2024-03-20T11:16:50+00:00","twitter_card":"summary_large_image","twitter_misc":{"Tempo di lettura stimato":"3 minuti"},"schema":{"@context":"https:\/\/schema.org","@graph":[{"@type":["WebPage","FAQPage"],"@id":"https:\/\/www.smartvision.it\/faq-2\/","url":"https:\/\/www.smartvision.it\/faq-2\/","name":"FAQs | SmartVision","isPartOf":{"@id":"https:\/\/www.smartvision.it\/zh-hans\/#website"},"datePublished":"2016-07-21T14:54:58+00:00","dateModified":"2024-03-20T11:16:50+00:00","breadcrumb":{"@id":"https:\/\/www.smartvision.it\/faq-2\/#breadcrumb"},"inLanguage":"it-IT","potentialAction":[{"@type":"ReadAction","target":["https:\/\/www.smartvision.it\/faq-2\/"]}]},{"@type":"BreadcrumbList","@id":"https:\/\/www.smartvision.it\/faq-2\/#breadcrumb","itemListElement":[{"@type":"ListItem","position":1,"name":"Home","item":"https:\/\/www.smartvision.it\/it\/"},{"@type":"ListItem","position":2,"name":"FAQs"}]},{"@type":"WebSite","@id":"https:\/\/www.smartvision.it\/zh-hans\/#website","url":"https:\/\/www.smartvision.it\/zh-hans\/","name":"SmartVision","description":"In Line Quality","publisher":{"@id":"https:\/\/www.smartvision.it\/zh-hans\/#organization"},"potentialAction":[{"@type":"SearchAction","target":{"@type":"EntryPoint","urlTemplate":"https:\/\/www.smartvision.it\/zh-hans\/?s={search_term_string}"},"query-input":{"@type":"PropertyValueSpecification","valueRequired":true,"valueName":"search_term_string"}}],"inLanguage":"it-IT"},{"@type":"Organization","@id":"https:\/\/www.smartvision.it\/zh-hans\/#organization","name":"SmartVision S.r.l.","url":"https:\/\/www.smartvision.it\/zh-hans\/","logo":{"@type":"ImageObject","inLanguage":"it-IT","@id":"https:\/\/www.smartvision.it\/zh-hans\/#\/schema\/logo\/image\/","url":"https:\/\/www.smartvision.it\/wp-content\/uploads\/2016\/06\/smartvision-logo-70-70.png","contentUrl":"https:\/\/www.smartvision.it\/wp-content\/uploads\/2016\/06\/smartvision-logo-70-70.png","width":70,"height":70,"caption":"SmartVision S.r.l."},"image":{"@id":"https:\/\/www.smartvision.it\/zh-hans\/#\/schema\/logo\/image\/"},"sameAs":["https:\/\/it.linkedin.com\/company\/smartvision---qualit-in-linea","https:\/\/www.youtube.com\/user\/SmartVisionILQ"]}]}},"_links":{"self":[{"href":"https:\/\/www.smartvision.it\/it\/wp-json\/wp\/v2\/pages\/2518"}],"collection":[{"href":"https:\/\/www.smartvision.it\/it\/wp-json\/wp\/v2\/pages"}],"about":[{"href":"https:\/\/www.smartvision.it\/it\/wp-json\/wp\/v2\/types\/page"}],"author":[{"embeddable":true,"href":"https:\/\/www.smartvision.it\/it\/wp-json\/wp\/v2\/users\/3"}],"replies":[{"embeddable":true,"href":"https:\/\/www.smartvision.it\/it\/wp-json\/wp\/v2\/comments?post=2518"}],"version-history":[{"count":10,"href":"https:\/\/www.smartvision.it\/it\/wp-json\/wp\/v2\/pages\/2518\/revisions"}],"predecessor-version":[{"id":16636,"href":"https:\/\/www.smartvision.it\/it\/wp-json\/wp\/v2\/pages\/2518\/revisions\/16636"}],"wp:attachment":[{"href":"https:\/\/www.smartvision.it\/it\/wp-json\/wp\/v2\/media?parent=2518"}],"curies":[{"name":"wp","href":"https:\/\/api.w.org\/{rel}","templated":true}]}}