{"id":15791,"date":"2024-02-16T11:30:57","date_gmt":"2024-02-16T10:30:57","guid":{"rendered":"https:\/\/www.smartvision.it\/?page_id=15791"},"modified":"2024-02-16T12:22:15","modified_gmt":"2024-02-16T11:22:15","slug":"smart_photochromic_device","status":"publish","type":"page","link":"https:\/\/www.smartvision.it\/it\/sistemi-di-visione-artificiale\/settore-occhialeria\/smart_photochromic_device\/","title":{"rendered":"Smart_PhotoChromic_Device"},"content":{"rendered":"<div class=\"wpb-content-wrapper\"><p>[vc_row][vc_column width=&#8221;1\/1&#8243;][vc_column_text][\/vc_column_text][\/vc_column][\/vc_row][vc_row top_padding=&#8221;40&#8243;][vc_column width=&#8221;1\/2&#8243;]<div class=\"minti_carousel  grab-false dots\" data-columns=\"1\" data-tabletcolumns=\"1\" data-nav=\"false\" data-pagination=\"true\" data-autoplay=\"true\" data-animationtime=\"4000\"><div class=\"single_image wpb_content_element align-left    \" data-animation=\"none\" data-delay=\"0\"><a href=\"https:\/\/www.smartvision.it\/wp-content\/uploads\/2024\/02\/Smart_PhotoChromic_Device_back.png\" class=\"prettyPhoto\" rel=\"prettyPhoto[image]\"><img loading=\"lazy\" decoding=\"async\" width=\"1486\" height=\"1234\" src=\"https:\/\/www.smartvision.it\/wp-content\/uploads\/2024\/02\/Smart_PhotoChromic_Device_back.png\" class=\"attachment-full\" alt=\"\" title=\"Smart_PhotoChromic_Device\" srcset=\"https:\/\/www.smartvision.it\/wp-content\/uploads\/2024\/02\/Smart_PhotoChromic_Device_back.png 1486w, https:\/\/www.smartvision.it\/wp-content\/uploads\/2024\/02\/Smart_PhotoChromic_Device_back-500x415.png 500w, https:\/\/www.smartvision.it\/wp-content\/uploads\/2024\/02\/Smart_PhotoChromic_Device_back-1024x850.png 1024w\" sizes=\"(max-width: 1486px) 100vw, 1486px\" \/><\/a><\/div><div class=\"single_image wpb_content_element align-left    \" data-animation=\"none\" data-delay=\"0\"><a href=\"https:\/\/www.smartvision.it\/wp-content\/uploads\/2024\/02\/Smart_PhotoChromic_Device_on_Smart_Tester.jpg\" class=\"prettyPhoto\" rel=\"prettyPhoto[image]\"><img loading=\"lazy\" decoding=\"async\" width=\"1486\" height=\"1234\" src=\"https:\/\/www.smartvision.it\/wp-content\/uploads\/2024\/02\/Smart_PhotoChromic_Device_on_Smart_Tester.jpg\" class=\"attachment-full\" alt=\"\" title=\"Smart_PhotoChromic_Device_on_Smart_Tester\" srcset=\"https:\/\/www.smartvision.it\/wp-content\/uploads\/2024\/02\/Smart_PhotoChromic_Device_on_Smart_Tester.jpg 1486w, https:\/\/www.smartvision.it\/wp-content\/uploads\/2024\/02\/Smart_PhotoChromic_Device_on_Smart_Tester-500x415.jpg 500w, https:\/\/www.smartvision.it\/wp-content\/uploads\/2024\/02\/Smart_PhotoChromic_Device_on_Smart_Tester-1024x850.jpg 1024w\" sizes=\"(max-width: 1486px) 100vw, 1486px\" \/><\/a><\/div><\/div>[\/vc_column][vc_column width=&#8221;1\/2&#8243;]<h1 class=\"headline font-inherit fontsize-xl fontweight-300 lh-inherit align-left transform-inherit \" style=\"margin: 0 0 0 0; color: #00afee;\">Smart_PhotoChromic_Device<\/h1><h2 class=\"headline font-inherit fontsize-m fontweight-300 lh-inherit align-left transform-inherit sottotitolo\" style=\"margin: 0 0 20px 0; color: #898989;\">Dispositivo HW\/SW per Smart_Tester per l&#8217;Attivazione delle Lenti Fotocromatiche<\/h2><h3 class=\"headline font-inherit fontsize-m fontweight-300 lh-inherit align-left transform-inherit sottotitolo\" style=\"margin: 0 0 20px 0; color: #898989;\"><i>&#8220;Dispositivo Hardware\/Software per Smart_Tester per l&#8217;Attivazione e l&#8217;Analisi delle Lenti Fotocromatiche&#8221;<\/i><\/h3>[vc_tta_accordion style=&#8221;flat&#8221; shape=&#8221;square&#8221; color=&#8221;white&#8221; active_section=&#8221;1&#8243; no_fill=&#8221;true&#8221;][vc_tta_section title=&#8221;Pi\u00f9 Intelligente che Mai&#8221; tab_id=&#8221;1600938221691-d7ce73eb-b4c5&#8243;][vc_column_text]Smart_PhotoChromic_Device \u00e8 una <strong>soluzione HW\/SW progettata per l&#8217;uso con Smart_Tester<\/strong>. Grazie a questo accessorio \u00e8 possibile l&#8217;<strong>attivazione della lente fotocromatica sulla gamma UV-Visibile direttamente all&#8217;interno della camera di misura<\/strong> di Smart_Tester, ed effettuare test di controllo qualit\u00e0 con un unico strumento.<\/p>\n<p><strong>Smart_PhotoChromic_Device con Smart_Tester esegue automaticamente le seguenti operazioni per l&#8217;analisi delle lenti fotocromatiche:<\/strong><\/p>\n<ul>\n<li>Misurazione rapida dell&#8217;asse di polarizzazione e dell&#8217;uniformit\u00e0 di trasmissione nello stato deattivato;<\/li>\n<li>Attivazione delle lenti fotocromatiche;<\/li>\n<li>Misurazione rapida dell&#8217;uniformit\u00e0 di trasmissione nello stato di attivato.<\/li>\n<\/ul>\n<p>Con l&#8217;<strong>Opzione Dinamica<\/strong> \u00e8 possibile misurare anche:<\/p>\n<ul>\n<li>Curva di trasmittanza durante tutto il periodo di attivazione\/disattivazione;<\/li>\n<li>Misurazione del periodo di attivazione e disattivazione.<\/li>\n<\/ul>\n<p><strong>La gamma spettrale della luce di attivazione \u00e8 conforme alla norma ISO 18526-2<\/strong> e la camera di misura di Smart_Tester protegge l&#8217;operatore dalla radiazione ottica artificiale (ROA), inoltre un sistema di bloccaggio arresta il processo di attivazione se la camera di misura \u00e8 aperta.<\/p>\n<p><strong>Smart_PhotoChromic_Device con Smart_Tester \u00e8 adatto per attivare Occhiali da Sole e da Sci<\/strong>.[\/vc_column_text][\/vc_tta_section][\/vc_tta_accordion]<a href=\"https:\/\/www.smartvision.it\/it\/contatti\/\" target=\"_self\" class=\"button color-1 small \" style=\"border-radius: 2 px;\"><i class='fa fa-envelope-o'><\/i>Richiedi i prezzi o una demo<\/a><a href=\"https:\/\/www.smartvision.it\/wp-content\/uploads\/2024\/01\/Smart_PhotoChromic_Device.EN_.V01R00.pdf\" target=\"_blank\" class=\"button color-1 small \" style=\"border-radius: 2 px;\"><i class='fa fa-file-pdf-o'><\/i>Scarica la brochure<\/a>[\/vc_column][\/vc_row][vc_row][vc_column width=&#8221;1\/1&#8243;]<div class=\"newdivider align-center\" style=\"border-bottom-style: solid; border-color: #ededed; border-bottom-width: 1px; margin-top: 20px; margin-bottom: 20px; width: 100%; \"><\/div><div class=\"clear\"><\/div>[\/vc_column][\/vc_row][vc_row][vc_column width=&#8221;1\/1&#8243;][vc_tabs][vc_tab title=&#8221;Caratteristiche Principali&#8221; tab_id=&#8221;ef543b75-792d-3&#8243;][vc_row_inner][vc_column_inner][vc_column_text]<\/p>\n<ul>\n<li>Attivatore automatico delle Lenti Fotocromatiche UV e visibile, progettato per l&#8217;uso all&#8217;interno di Smart_Tester<\/li>\n<li>Adatto per attivare Occhiali da Sole di diverse forme<\/li>\n<li>Gamma spettrale UV-VIS 300-500 nm come richiesto dalla Normativa Internazionale ISO 18526-2<\/li>\n<li>Software integrato con Smart_Tester, per l&#8217;attivazione automatica e la misura<\/li>\n<li>Tempo di attivazione personalizzabile<\/li>\n<li>Soglie di Attivazione \/ Disattivazione personalizzabili (per opzione dinamica)<\/li>\n<li>Report automatico completo per la lente attivata e deattivata e curva del grafico dell&#8217;analisi dinamica (opzionale)<\/li>\n<li>La camera di misura di Smart_Tester protegge l&#8217;operatore dalle radiazioni ottiche artificiali (ROA)<\/li>\n<li>Sistema di bloccaggio automatico per arrestare il processo di attivazione se la camera di misura \u00e8 aperta<\/li>\n<li>Senza ozono<\/li>\n<li>Riduzione dei tempi e dei costi del controllo qualit\u00e0<\/li>\n<li>100% Made in Italy: alta qualit\u00e0 e innovazione<\/li>\n<\/ul>\n<p>[\/vc_column_text][\/vc_column_inner][\/vc_row_inner][\/vc_tab][\/vc_tabs][\/vc_column][\/vc_row][vc_row][vc_column width=&#8221;1\/1&#8243;]<div class=\"newdivider align-center\" style=\"border-bottom-style: solid; border-color: #ededed; border-bottom-width: 1px; margin-top: 20px; margin-bottom: 20px; width: 100%; \"><\/div><div class=\"clear\"><\/div>[\/vc_column][\/vc_row][vc_row][vc_column width=&#8221;1\/1&#8243;]<div class=\"headline font-inherit fontsize-inherit fontweight-inherit lh-inherit align-center transform-inherit \" style=\"margin: 20px 0 20px 0;\">Raggiungere l&#8217;Eccellenza nel Controllo Qualit\u00e0 con la <a href=\"https:\/\/www.smartvision.it\/it\/tecnologia\/\">Tecnologia SmartVision<\/a>!<\/div>[\/vc_column][\/vc_row]<\/p>\n<\/div>","protected":false},"excerpt":{"rendered":"<p>[vc_row][vc_column width=&#8221;1\/1&#8243;][vc_column_text][\/vc_column_text][\/vc_column][\/vc_row][vc_row top_padding=&#8221;40&#8243;][vc_column width=&#8221;1\/2&#8243;][\/vc_column][vc_column width=&#8221;1\/2&#8243;][vc_tta_accordion style=&#8221;flat&#8221; shape=&#8221;square&#8221; color=&#8221;white&#8221; active_section=&#8221;1&#8243; no_fill=&#8221;true&#8221;][vc_tta_section title=&#8221;Pi\u00f9 Intelligente che Mai&#8221; tab_id=&#8221;1600938221691-d7ce73eb-b4c5&#8243;][vc_column_text]Smart_PhotoChromic_Device \u00e8 una soluzione HW\/SW progettata per l&#8217;uso con Smart_Tester. Grazie a questo accessorio \u00e8 possibile l&#8217;attivazione della lente fotocromatica sulla gamma UV-Visibile direttamente all&#8217;interno della camera di misura di Smart_Tester, ed effettuare test di controllo qualit\u00e0 con un unico strumento. Smart_PhotoChromic_Device con Smart_Tester esegue automaticamente le seguenti operazioni per l&#8217;analisi delle lenti fotocromatiche: Misurazione rapida dell&#8217;asse di polarizzazione e dell&#8217;uniformit\u00e0 di trasmissione nello stato deattivato; Attivazione delle lenti fotocromatiche; Misurazione rapida dell&#8217;uniformit\u00e0 di trasmissione nello stato di attivato. Con l&#8217;Opzione Dinamica \u00e8 possibile misurare anche: Curva di trasmittanza durante tutto il periodo di attivazione\/disattivazione; Misurazione del periodo di attivazione e disattivazione. La gamma spettrale della luce di attivazione \u00e8 conforme alla norma ISO 18526-2 e la camera di misura di Smart_Tester protegge l&#8217;operatore dalla radiazione ottica artificiale (ROA), inoltre un sistema di bloccaggio arresta il processo di attivazione se la camera di misura \u00e8 aperta. Smart_PhotoChromic_Device con Smart_Tester \u00e8 adatto per attivare Occhiali da Sole e da Sci.[\/vc_column_text][\/vc_tta_section][\/vc_tta_accordion][\/vc_column][\/vc_row][vc_row][vc_column width=&#8221;1\/1&#8243;][\/vc_column][\/vc_row][vc_row][vc_column width=&#8221;1\/1&#8243;][vc_tabs][vc_tab title=&#8221;Caratteristiche Principali&#8221; tab_id=&#8221;ef543b75-792d-3&#8243;][vc_row_inner][vc_column_inner][vc_column_text] Attivatore automatico delle Lenti Fotocromatiche UV e visibile, progettato per l&#8217;uso all&#8217;interno di Smart_Tester Adatto per attivare Occhiali da Sole di diverse [&hellip;]<\/p>\n","protected":false},"author":3,"featured_media":15752,"parent":2532,"menu_order":0,"comment_status":"closed","ping_status":"closed","template":"","meta":{"footnotes":""},"class_list":["post-15791","page","type-page","status-publish","has-post-thumbnail","hentry"],"yoast_head":"<!-- This site is optimized with the Yoast SEO plugin v25.6 - https:\/\/yoast.com\/wordpress\/plugins\/seo\/ -->\n<title>Smart_PhotoChromic_Device | SmartVision<\/title>\n<meta name=\"description\" content=\"Soluzione HW\/SW progettata per l&#039;uso con Smart_Tester per l&#039;attivazione delle lenti fotocromatiche all&#039;interno della camera di misura dello strumento\" \/>\n<meta name=\"robots\" content=\"index, follow, max-snippet:-1, max-image-preview:large, max-video-preview:-1\" \/>\n<link rel=\"canonical\" href=\"https:\/\/www.smartvision.it\/it\/sistemi-di-visione-artificiale\/settore-occhialeria\/smart_photochromic_device\/\" \/>\n<meta property=\"og:locale\" content=\"it_IT\" \/>\n<meta property=\"og:type\" content=\"article\" \/>\n<meta property=\"og:title\" content=\"Smart_PhotoChromic_Device | SmartVision\" \/>\n<meta property=\"og:description\" content=\"Soluzione HW\/SW progettata per l&#039;uso con Smart_Tester per l&#039;attivazione delle lenti fotocromatiche all&#039;interno della camera di misura dello strumento\" \/>\n<meta property=\"og:url\" content=\"https:\/\/www.smartvision.it\/it\/sistemi-di-visione-artificiale\/settore-occhialeria\/smart_photochromic_device\/\" \/>\n<meta property=\"og:site_name\" content=\"SmartVision\" \/>\n<meta property=\"article:modified_time\" content=\"2024-02-16T11:22:15+00:00\" \/>\n<meta property=\"og:image\" content=\"https:\/\/www.smartvision.it\/wp-content\/uploads\/2024\/02\/Smart_PhotoChromic_Device.png\" \/>\n\t<meta property=\"og:image:width\" content=\"600\" \/>\n\t<meta property=\"og:image:height\" content=\"600\" \/>\n\t<meta property=\"og:image:type\" content=\"image\/png\" \/>\n<meta name=\"twitter:card\" content=\"summary_large_image\" \/>\n<meta name=\"twitter:label1\" content=\"Tempo di lettura stimato\" \/>\n\t<meta name=\"twitter:data1\" content=\"3 minuti\" \/>\n<script type=\"application\/ld+json\" class=\"yoast-schema-graph\">{\"@context\":\"https:\/\/schema.org\",\"@graph\":[{\"@type\":\"WebPage\",\"@id\":\"https:\/\/www.smartvision.it\/it\/sistemi-di-visione-artificiale\/settore-occhialeria\/smart_photochromic_device\/\",\"url\":\"https:\/\/www.smartvision.it\/it\/sistemi-di-visione-artificiale\/settore-occhialeria\/smart_photochromic_device\/\",\"name\":\"Smart_PhotoChromic_Device | SmartVision\",\"isPartOf\":{\"@id\":\"https:\/\/www.smartvision.it\/zh-hans\/#website\"},\"primaryImageOfPage\":{\"@id\":\"https:\/\/www.smartvision.it\/it\/sistemi-di-visione-artificiale\/settore-occhialeria\/smart_photochromic_device\/#primaryimage\"},\"image\":{\"@id\":\"https:\/\/www.smartvision.it\/it\/sistemi-di-visione-artificiale\/settore-occhialeria\/smart_photochromic_device\/#primaryimage\"},\"thumbnailUrl\":\"https:\/\/www.smartvision.it\/wp-content\/uploads\/2024\/02\/Smart_PhotoChromic_Device.png\",\"datePublished\":\"2024-02-16T10:30:57+00:00\",\"dateModified\":\"2024-02-16T11:22:15+00:00\",\"description\":\"Soluzione HW\/SW progettata per l'uso con Smart_Tester per l'attivazione delle lenti fotocromatiche all'interno della camera di misura dello strumento\",\"breadcrumb\":{\"@id\":\"https:\/\/www.smartvision.it\/it\/sistemi-di-visione-artificiale\/settore-occhialeria\/smart_photochromic_device\/#breadcrumb\"},\"inLanguage\":\"it-IT\",\"potentialAction\":[{\"@type\":\"ReadAction\",\"target\":[\"https:\/\/www.smartvision.it\/it\/sistemi-di-visione-artificiale\/settore-occhialeria\/smart_photochromic_device\/\"]}]},{\"@type\":\"ImageObject\",\"inLanguage\":\"it-IT\",\"@id\":\"https:\/\/www.smartvision.it\/it\/sistemi-di-visione-artificiale\/settore-occhialeria\/smart_photochromic_device\/#primaryimage\",\"url\":\"https:\/\/www.smartvision.it\/wp-content\/uploads\/2024\/02\/Smart_PhotoChromic_Device.png\",\"contentUrl\":\"https:\/\/www.smartvision.it\/wp-content\/uploads\/2024\/02\/Smart_PhotoChromic_Device.png\",\"width\":600,\"height\":600},{\"@type\":\"BreadcrumbList\",\"@id\":\"https:\/\/www.smartvision.it\/it\/sistemi-di-visione-artificiale\/settore-occhialeria\/smart_photochromic_device\/#breadcrumb\",\"itemListElement\":[{\"@type\":\"ListItem\",\"position\":1,\"name\":\"Home\",\"item\":\"https:\/\/www.smartvision.it\/it\/\"},{\"@type\":\"ListItem\",\"position\":2,\"name\":\"Tutti i Prodotti\",\"item\":\"https:\/\/www.smartvision.it\/it\/sistemi-di-visione-artificiale\/\"},{\"@type\":\"ListItem\",\"position\":3,\"name\":\"Settore Occhialeria\",\"item\":\"https:\/\/www.smartvision.it\/it\/sistemi-di-visione-artificiale\/settore-occhialeria\/\"},{\"@type\":\"ListItem\",\"position\":4,\"name\":\"Smart_PhotoChromic_Device\"}]},{\"@type\":\"WebSite\",\"@id\":\"https:\/\/www.smartvision.it\/zh-hans\/#website\",\"url\":\"https:\/\/www.smartvision.it\/zh-hans\/\",\"name\":\"SmartVision\",\"description\":\"In Line Quality\",\"publisher\":{\"@id\":\"https:\/\/www.smartvision.it\/zh-hans\/#organization\"},\"potentialAction\":[{\"@type\":\"SearchAction\",\"target\":{\"@type\":\"EntryPoint\",\"urlTemplate\":\"https:\/\/www.smartvision.it\/zh-hans\/?s={search_term_string}\"},\"query-input\":{\"@type\":\"PropertyValueSpecification\",\"valueRequired\":true,\"valueName\":\"search_term_string\"}}],\"inLanguage\":\"it-IT\"},{\"@type\":\"Organization\",\"@id\":\"https:\/\/www.smartvision.it\/zh-hans\/#organization\",\"name\":\"SmartVision S.r.l.\",\"url\":\"https:\/\/www.smartvision.it\/zh-hans\/\",\"logo\":{\"@type\":\"ImageObject\",\"inLanguage\":\"it-IT\",\"@id\":\"https:\/\/www.smartvision.it\/zh-hans\/#\/schema\/logo\/image\/\",\"url\":\"https:\/\/www.smartvision.it\/wp-content\/uploads\/2016\/06\/smartvision-logo-70-70.png\",\"contentUrl\":\"https:\/\/www.smartvision.it\/wp-content\/uploads\/2016\/06\/smartvision-logo-70-70.png\",\"width\":70,\"height\":70,\"caption\":\"SmartVision S.r.l.\"},\"image\":{\"@id\":\"https:\/\/www.smartvision.it\/zh-hans\/#\/schema\/logo\/image\/\"},\"sameAs\":[\"https:\/\/it.linkedin.com\/company\/smartvision---qualit-in-linea\",\"https:\/\/www.youtube.com\/user\/SmartVisionILQ\"]}]}<\/script>\n<!-- \/ Yoast SEO plugin. -->","yoast_head_json":{"title":"Smart_PhotoChromic_Device | SmartVision","description":"Soluzione HW\/SW progettata per l'uso con Smart_Tester per l'attivazione delle lenti fotocromatiche all'interno della camera di misura dello strumento","robots":{"index":"index","follow":"follow","max-snippet":"max-snippet:-1","max-image-preview":"max-image-preview:large","max-video-preview":"max-video-preview:-1"},"canonical":"https:\/\/www.smartvision.it\/it\/sistemi-di-visione-artificiale\/settore-occhialeria\/smart_photochromic_device\/","og_locale":"it_IT","og_type":"article","og_title":"Smart_PhotoChromic_Device | SmartVision","og_description":"Soluzione HW\/SW progettata per l'uso con Smart_Tester per l'attivazione delle lenti fotocromatiche all'interno della camera di misura dello strumento","og_url":"https:\/\/www.smartvision.it\/it\/sistemi-di-visione-artificiale\/settore-occhialeria\/smart_photochromic_device\/","og_site_name":"SmartVision","article_modified_time":"2024-02-16T11:22:15+00:00","og_image":[{"width":600,"height":600,"url":"https:\/\/www.smartvision.it\/wp-content\/uploads\/2024\/02\/Smart_PhotoChromic_Device.png","type":"image\/png"}],"twitter_card":"summary_large_image","twitter_misc":{"Tempo di lettura stimato":"3 minuti"},"schema":{"@context":"https:\/\/schema.org","@graph":[{"@type":"WebPage","@id":"https:\/\/www.smartvision.it\/it\/sistemi-di-visione-artificiale\/settore-occhialeria\/smart_photochromic_device\/","url":"https:\/\/www.smartvision.it\/it\/sistemi-di-visione-artificiale\/settore-occhialeria\/smart_photochromic_device\/","name":"Smart_PhotoChromic_Device | SmartVision","isPartOf":{"@id":"https:\/\/www.smartvision.it\/zh-hans\/#website"},"primaryImageOfPage":{"@id":"https:\/\/www.smartvision.it\/it\/sistemi-di-visione-artificiale\/settore-occhialeria\/smart_photochromic_device\/#primaryimage"},"image":{"@id":"https:\/\/www.smartvision.it\/it\/sistemi-di-visione-artificiale\/settore-occhialeria\/smart_photochromic_device\/#primaryimage"},"thumbnailUrl":"https:\/\/www.smartvision.it\/wp-content\/uploads\/2024\/02\/Smart_PhotoChromic_Device.png","datePublished":"2024-02-16T10:30:57+00:00","dateModified":"2024-02-16T11:22:15+00:00","description":"Soluzione HW\/SW progettata per l'uso con Smart_Tester per l'attivazione delle lenti fotocromatiche all'interno della camera di misura dello strumento","breadcrumb":{"@id":"https:\/\/www.smartvision.it\/it\/sistemi-di-visione-artificiale\/settore-occhialeria\/smart_photochromic_device\/#breadcrumb"},"inLanguage":"it-IT","potentialAction":[{"@type":"ReadAction","target":["https:\/\/www.smartvision.it\/it\/sistemi-di-visione-artificiale\/settore-occhialeria\/smart_photochromic_device\/"]}]},{"@type":"ImageObject","inLanguage":"it-IT","@id":"https:\/\/www.smartvision.it\/it\/sistemi-di-visione-artificiale\/settore-occhialeria\/smart_photochromic_device\/#primaryimage","url":"https:\/\/www.smartvision.it\/wp-content\/uploads\/2024\/02\/Smart_PhotoChromic_Device.png","contentUrl":"https:\/\/www.smartvision.it\/wp-content\/uploads\/2024\/02\/Smart_PhotoChromic_Device.png","width":600,"height":600},{"@type":"BreadcrumbList","@id":"https:\/\/www.smartvision.it\/it\/sistemi-di-visione-artificiale\/settore-occhialeria\/smart_photochromic_device\/#breadcrumb","itemListElement":[{"@type":"ListItem","position":1,"name":"Home","item":"https:\/\/www.smartvision.it\/it\/"},{"@type":"ListItem","position":2,"name":"Tutti i Prodotti","item":"https:\/\/www.smartvision.it\/it\/sistemi-di-visione-artificiale\/"},{"@type":"ListItem","position":3,"name":"Settore Occhialeria","item":"https:\/\/www.smartvision.it\/it\/sistemi-di-visione-artificiale\/settore-occhialeria\/"},{"@type":"ListItem","position":4,"name":"Smart_PhotoChromic_Device"}]},{"@type":"WebSite","@id":"https:\/\/www.smartvision.it\/zh-hans\/#website","url":"https:\/\/www.smartvision.it\/zh-hans\/","name":"SmartVision","description":"In Line Quality","publisher":{"@id":"https:\/\/www.smartvision.it\/zh-hans\/#organization"},"potentialAction":[{"@type":"SearchAction","target":{"@type":"EntryPoint","urlTemplate":"https:\/\/www.smartvision.it\/zh-hans\/?s={search_term_string}"},"query-input":{"@type":"PropertyValueSpecification","valueRequired":true,"valueName":"search_term_string"}}],"inLanguage":"it-IT"},{"@type":"Organization","@id":"https:\/\/www.smartvision.it\/zh-hans\/#organization","name":"SmartVision S.r.l.","url":"https:\/\/www.smartvision.it\/zh-hans\/","logo":{"@type":"ImageObject","inLanguage":"it-IT","@id":"https:\/\/www.smartvision.it\/zh-hans\/#\/schema\/logo\/image\/","url":"https:\/\/www.smartvision.it\/wp-content\/uploads\/2016\/06\/smartvision-logo-70-70.png","contentUrl":"https:\/\/www.smartvision.it\/wp-content\/uploads\/2016\/06\/smartvision-logo-70-70.png","width":70,"height":70,"caption":"SmartVision S.r.l."},"image":{"@id":"https:\/\/www.smartvision.it\/zh-hans\/#\/schema\/logo\/image\/"},"sameAs":["https:\/\/it.linkedin.com\/company\/smartvision---qualit-in-linea","https:\/\/www.youtube.com\/user\/SmartVisionILQ"]}]}},"_links":{"self":[{"href":"https:\/\/www.smartvision.it\/it\/wp-json\/wp\/v2\/pages\/15791"}],"collection":[{"href":"https:\/\/www.smartvision.it\/it\/wp-json\/wp\/v2\/pages"}],"about":[{"href":"https:\/\/www.smartvision.it\/it\/wp-json\/wp\/v2\/types\/page"}],"author":[{"embeddable":true,"href":"https:\/\/www.smartvision.it\/it\/wp-json\/wp\/v2\/users\/3"}],"replies":[{"embeddable":true,"href":"https:\/\/www.smartvision.it\/it\/wp-json\/wp\/v2\/comments?post=15791"}],"version-history":[{"count":10,"href":"https:\/\/www.smartvision.it\/it\/wp-json\/wp\/v2\/pages\/15791\/revisions"}],"predecessor-version":[{"id":15819,"href":"https:\/\/www.smartvision.it\/it\/wp-json\/wp\/v2\/pages\/15791\/revisions\/15819"}],"up":[{"embeddable":true,"href":"https:\/\/www.smartvision.it\/it\/wp-json\/wp\/v2\/pages\/2532"}],"wp:featuredmedia":[{"embeddable":true,"href":"https:\/\/www.smartvision.it\/it\/wp-json\/wp\/v2\/media\/15752"}],"wp:attachment":[{"href":"https:\/\/www.smartvision.it\/it\/wp-json\/wp\/v2\/media?parent=15791"}],"curies":[{"name":"wp","href":"https:\/\/api.w.org\/{rel}","templated":true}]}}