{"id":12963,"date":"2022-06-23T09:48:36","date_gmt":"2022-06-23T07:48:36","guid":{"rendered":"https:\/\/www.smartvision.it\/?page_id=12963"},"modified":"2024-03-15T11:57:11","modified_gmt":"2024-03-15T10:57:11","slug":"smart_mirror","status":"publish","type":"page","link":"https:\/\/www.smartvision.it\/it\/sistemi-di-visione-artificiale\/funzioni-software-opzionali\/smart_mirror\/","title":{"rendered":"Smart_Mirror"},"content":{"rendered":"<div class=\"wpb-content-wrapper\"><p>[vc_row top_padding=&#8221;40&#8243;][vc_column width=&#8221;1\/2&#8243;]<div class=\"minti_carousel  grab-false dots\" data-columns=\"1\" data-tabletcolumns=\"1\" data-nav=\"false\" data-pagination=\"true\" data-autoplay=\"true\" data-animationtime=\"4000\"><div class=\"single_image wpb_content_element align-left    \" data-animation=\"none\" data-delay=\"0\"><a href=\"https:\/\/www.smartvision.it\/wp-content\/uploads\/2022\/06\/Smart_Mirror_Master.jpg\" class=\"prettyPhoto\" rel=\"prettyPhoto[image]\"><img loading=\"lazy\" decoding=\"async\" width=\"1486\" height=\"1234\" src=\"https:\/\/www.smartvision.it\/wp-content\/uploads\/2022\/06\/Smart_Mirror_Master.jpg\" class=\"attachment-full\" alt=\"\" title=\"Smart_Mirror Master program\" srcset=\"https:\/\/www.smartvision.it\/wp-content\/uploads\/2022\/06\/Smart_Mirror_Master.jpg 1486w, https:\/\/www.smartvision.it\/wp-content\/uploads\/2022\/06\/Smart_Mirror_Master-500x415.jpg 500w, https:\/\/www.smartvision.it\/wp-content\/uploads\/2022\/06\/Smart_Mirror_Master-1024x850.jpg 1024w\" sizes=\"(max-width: 1486px) 100vw, 1486px\" \/><\/a><\/div><div class=\"single_image wpb_content_element align-left    \" data-animation=\"none\" data-delay=\"0\"><a href=\"https:\/\/www.smartvision.it\/wp-content\/uploads\/2022\/06\/Smart_Mirror_items.jpg\" class=\"prettyPhoto\" rel=\"prettyPhoto[image]\"><img loading=\"lazy\" decoding=\"async\" width=\"1486\" height=\"1234\" src=\"https:\/\/www.smartvision.it\/wp-content\/uploads\/2022\/06\/Smart_Mirror_items.jpg\" class=\"attachment-full\" alt=\"\" title=\"Smart_Mirror symmetrical items\" srcset=\"https:\/\/www.smartvision.it\/wp-content\/uploads\/2022\/06\/Smart_Mirror_items.jpg 1486w, https:\/\/www.smartvision.it\/wp-content\/uploads\/2022\/06\/Smart_Mirror_items-500x415.jpg 500w, https:\/\/www.smartvision.it\/wp-content\/uploads\/2022\/06\/Smart_Mirror_items-1024x850.jpg 1024w\" sizes=\"(max-width: 1486px) 100vw, 1486px\" \/><\/a><\/div><div class=\"single_image wpb_content_element align-left    \" data-animation=\"none\" data-delay=\"0\"><a href=\"https:\/\/www.smartvision.it\/wp-content\/uploads\/2022\/06\/Smart_Mirror_SX_check.jpg\" class=\"prettyPhoto\" rel=\"prettyPhoto[image]\"><img loading=\"lazy\" decoding=\"async\" width=\"1486\" height=\"1234\" src=\"https:\/\/www.smartvision.it\/wp-content\/uploads\/2022\/06\/Smart_Mirror_SX_check.jpg\" class=\"attachment-full\" alt=\"\" title=\"Smart_Mirror left check\" srcset=\"https:\/\/www.smartvision.it\/wp-content\/uploads\/2022\/06\/Smart_Mirror_SX_check.jpg 1486w, https:\/\/www.smartvision.it\/wp-content\/uploads\/2022\/06\/Smart_Mirror_SX_check-500x415.jpg 500w, https:\/\/www.smartvision.it\/wp-content\/uploads\/2022\/06\/Smart_Mirror_SX_check-1024x850.jpg 1024w\" sizes=\"(max-width: 1486px) 100vw, 1486px\" \/><\/a><\/div><div class=\"single_image wpb_content_element align-left    \" data-animation=\"none\" data-delay=\"0\"><a href=\"https:\/\/www.smartvision.it\/wp-content\/uploads\/2022\/06\/Smart_Mirror_DX_check.jpg\" class=\"prettyPhoto\" rel=\"prettyPhoto[image]\"><img loading=\"lazy\" decoding=\"async\" width=\"1486\" height=\"1234\" src=\"https:\/\/www.smartvision.it\/wp-content\/uploads\/2022\/06\/Smart_Mirror_DX_check.jpg\" class=\"attachment-full\" alt=\"\" title=\"Smart_Mirror right check\" srcset=\"https:\/\/www.smartvision.it\/wp-content\/uploads\/2022\/06\/Smart_Mirror_DX_check.jpg 1486w, https:\/\/www.smartvision.it\/wp-content\/uploads\/2022\/06\/Smart_Mirror_DX_check-500x415.jpg 500w, https:\/\/www.smartvision.it\/wp-content\/uploads\/2022\/06\/Smart_Mirror_DX_check-1024x850.jpg 1024w\" sizes=\"(max-width: 1486px) 100vw, 1486px\" \/><\/a><\/div><\/div>[\/vc_column][vc_column width=&#8221;1\/2&#8243;]<h1 class=\"headline font-inherit fontsize-xl fontweight-300 lh-inherit align-left transform-inherit \" style=\"margin: 0 0 0 0; color: #00afee;\">Smart_Mirror<\/h1><h2 class=\"headline font-inherit fontsize-m fontweight-300 lh-inherit align-left transform-inherit \" style=\"margin: 0 0 20px 0; color: #898989;\">Misurazione e Controllo di Oggetti Simmetrici<\/h2><h3 class=\"headline font-inherit fontsize-m fontweight-300 lh-inherit align-left transform-inherit \" style=\"margin: 0 0 20px 0; color: #898989;\"><i>&#8220;Il Software Smart_Mirror consente di misurare e controllare due oggetti simmetrici tra loro utilizzando un unico programma master&#8221;<\/i><\/h3>[vc_tta_accordion style=&#8221;flat&#8221; shape=&#8221;square&#8221; color=&#8221;white&#8221; active_section=&#8221;1&#8243; no_fill=&#8221;true&#8221;][vc_tta_section title=&#8221;Facile e Intelligente&#8221; tab_id=&#8221;1466759551748-7bf55ec0-4fd4&#8243;][vc_column_text]Il software opzionale Smart_Mirror, per Easy_Projector, Smart_Projector e <a href=\"https:\/\/www.smartvision.it\/it\/sistemi-di-visione-artificiale\/settore-occhialeria\/smart_shape_premium\/\">Smart_Shape_Premium<\/a>, consente di <strong>controllare due oggetti simmetrici<\/strong> tra loro (ad esempio le lenti destra e sinistra degli occhiali da sole) <strong>utilizzando un unico programma<\/strong> di misura.<\/p>\n<p>Creato il programma master a partire da uno dei due oggetti (ad esempio la lente destra), \u00e8 quindi possibile usare la funzionalit\u00e0 <strong>Smart_Mirror<\/strong> per controllarli entrambi, scegliendo la modalit\u00e0 desiderata (destra o sinistra).[\/vc_column_text][\/vc_tta_section][\/vc_tta_accordion]<a href=\"https:\/\/www.smartvision.it\/it\/contatti\/\" target=\"_self\" class=\"button color-4 small \" style=\"border-radius: 2px;\"><i class='fa fa-envelope-o'><\/i>Richiedi il prezzo o una demo<\/a>[\/vc_column][\/vc_row][vc_row][vc_column width=&#8221;1\/1&#8243;]<div class=\"newdivider align-center\" style=\"border-bottom-style: solid; border-color: #ededed; border-bottom-width: 1px; margin-top: 20px; margin-bottom: 20px; width: 100%; \"><\/div><div class=\"clear\"><\/div>[\/vc_column][\/vc_row]<\/p>\n<\/div>","protected":false},"excerpt":{"rendered":"<p>[vc_row top_padding=&#8221;40&#8243;][vc_column width=&#8221;1\/2&#8243;][\/vc_column][vc_column width=&#8221;1\/2&#8243;][vc_tta_accordion style=&#8221;flat&#8221; shape=&#8221;square&#8221; color=&#8221;white&#8221; active_section=&#8221;1&#8243; no_fill=&#8221;true&#8221;][vc_tta_section title=&#8221;Facile e Intelligente&#8221; tab_id=&#8221;1466759551748-7bf55ec0-4fd4&#8243;][vc_column_text]Il software opzionale Smart_Mirror, per Easy_Projector, Smart_Projector e Smart_Shape_Premium, consente di controllare due oggetti simmetrici tra loro (ad esempio le lenti destra e sinistra degli occhiali da sole) utilizzando un unico programma di misura. Creato il programma master a partire da uno dei due oggetti (ad esempio la lente destra), \u00e8 quindi possibile usare la funzionalit\u00e0 Smart_Mirror per controllarli entrambi, scegliendo la modalit\u00e0 desiderata (destra o sinistra).[\/vc_column_text][\/vc_tta_section][\/vc_tta_accordion][\/vc_column][\/vc_row][vc_row][vc_column width=&#8221;1\/1&#8243;][\/vc_column][\/vc_row]<\/p>\n","protected":false},"author":3,"featured_media":0,"parent":10904,"menu_order":0,"comment_status":"closed","ping_status":"closed","template":"","meta":{"footnotes":""},"class_list":["post-12963","page","type-page","status-publish","hentry"],"yoast_head":"<!-- This site is optimized with the Yoast SEO plugin v25.6 - https:\/\/yoast.com\/wordpress\/plugins\/seo\/ -->\n<title>Smart_Mirror | SmartVision<\/title>\n<meta name=\"description\" content=\"Il Software Smart_Mirror consente di misurare e controllare due oggetti simmetrici tra loro utilizzando un unico programma master con notevoli vantaggi!\" \/>\n<meta name=\"robots\" content=\"index, follow, max-snippet:-1, max-image-preview:large, max-video-preview:-1\" \/>\n<link rel=\"canonical\" href=\"https:\/\/www.smartvision.it\/it\/sistemi-di-visione-artificiale\/funzioni-software-opzionali\/smart_mirror\/\" \/>\n<meta property=\"og:locale\" content=\"it_IT\" \/>\n<meta property=\"og:type\" content=\"article\" \/>\n<meta property=\"og:title\" content=\"Smart_Mirror | SmartVision\" \/>\n<meta property=\"og:description\" content=\"Il Software Smart_Mirror consente di misurare e controllare due oggetti simmetrici tra loro utilizzando un unico programma master con notevoli vantaggi!\" \/>\n<meta property=\"og:url\" content=\"https:\/\/www.smartvision.it\/it\/sistemi-di-visione-artificiale\/funzioni-software-opzionali\/smart_mirror\/\" \/>\n<meta property=\"og:site_name\" content=\"SmartVision\" \/>\n<meta property=\"article:modified_time\" content=\"2024-03-15T10:57:11+00:00\" \/>\n<meta name=\"twitter:card\" content=\"summary_large_image\" \/>\n<meta name=\"twitter:label1\" content=\"Tempo di lettura stimato\" \/>\n\t<meta name=\"twitter:data1\" content=\"1 minuto\" \/>\n<script type=\"application\/ld+json\" class=\"yoast-schema-graph\">{\"@context\":\"https:\/\/schema.org\",\"@graph\":[{\"@type\":\"WebPage\",\"@id\":\"https:\/\/www.smartvision.it\/it\/sistemi-di-visione-artificiale\/funzioni-software-opzionali\/smart_mirror\/\",\"url\":\"https:\/\/www.smartvision.it\/it\/sistemi-di-visione-artificiale\/funzioni-software-opzionali\/smart_mirror\/\",\"name\":\"Smart_Mirror | SmartVision\",\"isPartOf\":{\"@id\":\"https:\/\/www.smartvision.it\/zh-hans\/#website\"},\"datePublished\":\"2022-06-23T07:48:36+00:00\",\"dateModified\":\"2024-03-15T10:57:11+00:00\",\"description\":\"Il Software Smart_Mirror consente di misurare e controllare due oggetti simmetrici tra loro utilizzando un unico programma master con notevoli vantaggi!\",\"breadcrumb\":{\"@id\":\"https:\/\/www.smartvision.it\/it\/sistemi-di-visione-artificiale\/funzioni-software-opzionali\/smart_mirror\/#breadcrumb\"},\"inLanguage\":\"it-IT\",\"potentialAction\":[{\"@type\":\"ReadAction\",\"target\":[\"https:\/\/www.smartvision.it\/it\/sistemi-di-visione-artificiale\/funzioni-software-opzionali\/smart_mirror\/\"]}]},{\"@type\":\"BreadcrumbList\",\"@id\":\"https:\/\/www.smartvision.it\/it\/sistemi-di-visione-artificiale\/funzioni-software-opzionali\/smart_mirror\/#breadcrumb\",\"itemListElement\":[{\"@type\":\"ListItem\",\"position\":1,\"name\":\"Home\",\"item\":\"https:\/\/www.smartvision.it\/it\/\"},{\"@type\":\"ListItem\",\"position\":2,\"name\":\"Tutti i Prodotti\",\"item\":\"https:\/\/www.smartvision.it\/it\/sistemi-di-visione-artificiale\/\"},{\"@type\":\"ListItem\",\"position\":3,\"name\":\"Funzioni Software Opzionali\",\"item\":\"https:\/\/www.smartvision.it\/it\/sistemi-di-visione-artificiale\/funzioni-software-opzionali\/\"},{\"@type\":\"ListItem\",\"position\":4,\"name\":\"Smart_Mirror\"}]},{\"@type\":\"WebSite\",\"@id\":\"https:\/\/www.smartvision.it\/zh-hans\/#website\",\"url\":\"https:\/\/www.smartvision.it\/zh-hans\/\",\"name\":\"SmartVision\",\"description\":\"In Line Quality\",\"publisher\":{\"@id\":\"https:\/\/www.smartvision.it\/zh-hans\/#organization\"},\"potentialAction\":[{\"@type\":\"SearchAction\",\"target\":{\"@type\":\"EntryPoint\",\"urlTemplate\":\"https:\/\/www.smartvision.it\/zh-hans\/?s={search_term_string}\"},\"query-input\":{\"@type\":\"PropertyValueSpecification\",\"valueRequired\":true,\"valueName\":\"search_term_string\"}}],\"inLanguage\":\"it-IT\"},{\"@type\":\"Organization\",\"@id\":\"https:\/\/www.smartvision.it\/zh-hans\/#organization\",\"name\":\"SmartVision S.r.l.\",\"url\":\"https:\/\/www.smartvision.it\/zh-hans\/\",\"logo\":{\"@type\":\"ImageObject\",\"inLanguage\":\"it-IT\",\"@id\":\"https:\/\/www.smartvision.it\/zh-hans\/#\/schema\/logo\/image\/\",\"url\":\"https:\/\/www.smartvision.it\/wp-content\/uploads\/2016\/06\/smartvision-logo-70-70.png\",\"contentUrl\":\"https:\/\/www.smartvision.it\/wp-content\/uploads\/2016\/06\/smartvision-logo-70-70.png\",\"width\":70,\"height\":70,\"caption\":\"SmartVision S.r.l.\"},\"image\":{\"@id\":\"https:\/\/www.smartvision.it\/zh-hans\/#\/schema\/logo\/image\/\"},\"sameAs\":[\"https:\/\/it.linkedin.com\/company\/smartvision---qualit-in-linea\",\"https:\/\/www.youtube.com\/user\/SmartVisionILQ\"]}]}<\/script>\n<!-- \/ Yoast SEO plugin. -->","yoast_head_json":{"title":"Smart_Mirror | SmartVision","description":"Il Software Smart_Mirror consente di misurare e controllare due oggetti simmetrici tra loro utilizzando un unico programma master con notevoli vantaggi!","robots":{"index":"index","follow":"follow","max-snippet":"max-snippet:-1","max-image-preview":"max-image-preview:large","max-video-preview":"max-video-preview:-1"},"canonical":"https:\/\/www.smartvision.it\/it\/sistemi-di-visione-artificiale\/funzioni-software-opzionali\/smart_mirror\/","og_locale":"it_IT","og_type":"article","og_title":"Smart_Mirror | SmartVision","og_description":"Il Software Smart_Mirror consente di misurare e controllare due oggetti simmetrici tra loro utilizzando un unico programma master con notevoli vantaggi!","og_url":"https:\/\/www.smartvision.it\/it\/sistemi-di-visione-artificiale\/funzioni-software-opzionali\/smart_mirror\/","og_site_name":"SmartVision","article_modified_time":"2024-03-15T10:57:11+00:00","twitter_card":"summary_large_image","twitter_misc":{"Tempo di lettura stimato":"1 minuto"},"schema":{"@context":"https:\/\/schema.org","@graph":[{"@type":"WebPage","@id":"https:\/\/www.smartvision.it\/it\/sistemi-di-visione-artificiale\/funzioni-software-opzionali\/smart_mirror\/","url":"https:\/\/www.smartvision.it\/it\/sistemi-di-visione-artificiale\/funzioni-software-opzionali\/smart_mirror\/","name":"Smart_Mirror | SmartVision","isPartOf":{"@id":"https:\/\/www.smartvision.it\/zh-hans\/#website"},"datePublished":"2022-06-23T07:48:36+00:00","dateModified":"2024-03-15T10:57:11+00:00","description":"Il Software Smart_Mirror consente di misurare e controllare due oggetti simmetrici tra loro utilizzando un unico programma master con notevoli vantaggi!","breadcrumb":{"@id":"https:\/\/www.smartvision.it\/it\/sistemi-di-visione-artificiale\/funzioni-software-opzionali\/smart_mirror\/#breadcrumb"},"inLanguage":"it-IT","potentialAction":[{"@type":"ReadAction","target":["https:\/\/www.smartvision.it\/it\/sistemi-di-visione-artificiale\/funzioni-software-opzionali\/smart_mirror\/"]}]},{"@type":"BreadcrumbList","@id":"https:\/\/www.smartvision.it\/it\/sistemi-di-visione-artificiale\/funzioni-software-opzionali\/smart_mirror\/#breadcrumb","itemListElement":[{"@type":"ListItem","position":1,"name":"Home","item":"https:\/\/www.smartvision.it\/it\/"},{"@type":"ListItem","position":2,"name":"Tutti i Prodotti","item":"https:\/\/www.smartvision.it\/it\/sistemi-di-visione-artificiale\/"},{"@type":"ListItem","position":3,"name":"Funzioni Software Opzionali","item":"https:\/\/www.smartvision.it\/it\/sistemi-di-visione-artificiale\/funzioni-software-opzionali\/"},{"@type":"ListItem","position":4,"name":"Smart_Mirror"}]},{"@type":"WebSite","@id":"https:\/\/www.smartvision.it\/zh-hans\/#website","url":"https:\/\/www.smartvision.it\/zh-hans\/","name":"SmartVision","description":"In Line Quality","publisher":{"@id":"https:\/\/www.smartvision.it\/zh-hans\/#organization"},"potentialAction":[{"@type":"SearchAction","target":{"@type":"EntryPoint","urlTemplate":"https:\/\/www.smartvision.it\/zh-hans\/?s={search_term_string}"},"query-input":{"@type":"PropertyValueSpecification","valueRequired":true,"valueName":"search_term_string"}}],"inLanguage":"it-IT"},{"@type":"Organization","@id":"https:\/\/www.smartvision.it\/zh-hans\/#organization","name":"SmartVision S.r.l.","url":"https:\/\/www.smartvision.it\/zh-hans\/","logo":{"@type":"ImageObject","inLanguage":"it-IT","@id":"https:\/\/www.smartvision.it\/zh-hans\/#\/schema\/logo\/image\/","url":"https:\/\/www.smartvision.it\/wp-content\/uploads\/2016\/06\/smartvision-logo-70-70.png","contentUrl":"https:\/\/www.smartvision.it\/wp-content\/uploads\/2016\/06\/smartvision-logo-70-70.png","width":70,"height":70,"caption":"SmartVision S.r.l."},"image":{"@id":"https:\/\/www.smartvision.it\/zh-hans\/#\/schema\/logo\/image\/"},"sameAs":["https:\/\/it.linkedin.com\/company\/smartvision---qualit-in-linea","https:\/\/www.youtube.com\/user\/SmartVisionILQ"]}]}},"_links":{"self":[{"href":"https:\/\/www.smartvision.it\/it\/wp-json\/wp\/v2\/pages\/12963"}],"collection":[{"href":"https:\/\/www.smartvision.it\/it\/wp-json\/wp\/v2\/pages"}],"about":[{"href":"https:\/\/www.smartvision.it\/it\/wp-json\/wp\/v2\/types\/page"}],"author":[{"embeddable":true,"href":"https:\/\/www.smartvision.it\/it\/wp-json\/wp\/v2\/users\/3"}],"replies":[{"embeddable":true,"href":"https:\/\/www.smartvision.it\/it\/wp-json\/wp\/v2\/comments?post=12963"}],"version-history":[{"count":8,"href":"https:\/\/www.smartvision.it\/it\/wp-json\/wp\/v2\/pages\/12963\/revisions"}],"predecessor-version":[{"id":12991,"href":"https:\/\/www.smartvision.it\/it\/wp-json\/wp\/v2\/pages\/12963\/revisions\/12991"}],"up":[{"embeddable":true,"href":"https:\/\/www.smartvision.it\/it\/wp-json\/wp\/v2\/pages\/10904"}],"wp:attachment":[{"href":"https:\/\/www.smartvision.it\/it\/wp-json\/wp\/v2\/media?parent=12963"}],"curies":[{"name":"wp","href":"https:\/\/api.w.org\/{rel}","templated":true}]}}